{"id":23046,"date":"2017-04-03T16:03:20","date_gmt":"2017-04-03T16:03:20","guid":{"rendered":"https:\/\/www.elibron.com\/catalog\/product\/illustrations-des-%c2%9cuvres-de-frederic-le-grand-par-adolphe-menzel-preface-et-notice-par-louis-gonse-texte-explicatif-par-l-pietsch-gravures-sur-bois-par-o-vogel-tome-1\/"},"modified":"2017-04-06T05:44:30","modified_gmt":"2017-04-06T05:44:30","slug":"illustrations-des-%c2%9cuvres-de-frederic-le-grand-par-adolphe-menzel-preface-et-notice-par-louis-gonse-texte-explicatif-par-l-pietsch-gravures-sur-bois-par-o-vogel-tome-1","status":"publish","type":"product","link":"https:\/\/www.elibron.com\/catalog\/product\/illustrations-des-%c2%9cuvres-de-frederic-le-grand-par-adolphe-menzel-preface-et-notice-par-louis-gonse-texte-explicatif-par-l-pietsch-gravures-sur-bois-par-o-vogel-tome-1\/","title":{"rendered":"Illustrations des \u009cuvres de Fr\u00e9d\u00e9ric le Grand par Adolphe Menzel. Pr\u00e9face et notice par Louis Gonse.Texte explicatif par L. Pietsch. Gravures sur bois par O. Vogel. Tome 1"},"content":{"rendered":"<aside class=\"mashsb-container mashsb-main mashsb-stretched\"><div class=\"mashsb-box\"><div class=\"mashsb-buttons\"><a  class=\"mashicon-facebook mash-large mash-center mashsb-noshadow\" href=\"https:\/\/www.facebook.com\/sharer.php?u=https%3A%2F%2Fwww.elibron.com%2Fcatalog%2Fproduct%2Fillustrations-des-%25c2%259cuvres-de-frederic-le-grand-par-adolphe-menzel-preface-et-notice-par-louis-gonse-texte-explicatif-par-l-pietsch-gravures-sur-bois-par-o-vogel-tome-1%2F\" target=\"_blank\" rel=\"noopener nofollow\"><span class=\"icon\"><\/span><span class=\"text\">Share<\/span><\/a><a  class=\"mashicon-twitter mash-large mash-center mashsb-noshadow\" href=\"https:\/\/twitter.com\/intent\/tweet?text=&url=https:\/\/www.elibron.com\/catalog\/product\/illustrations-des-%c2%9cuvres-de-frederic-le-grand-par-adolphe-menzel-preface-et-notice-par-louis-gonse-texte-explicatif-par-l-pietsch-gravures-sur-bois-par-o-vogel-tome-1\/&via=ElibronBooks\" target=\"_blank\" rel=\"noopener nofollow\"><span class=\"icon\"><\/span><span class=\"text\">Tweet<\/span><\/a><div class=\"onoffswitch2 mash-large mashsb-noshadow\" style=\"display:none;\"><\/div><\/div>\r\n            <\/div>\r\n                <div style=\"clear:both;\"><\/div><div class=\"mashsb-toggle-container\"><\/div><\/aside>\r\n            <!-- Share buttons by mashshare.net - Version: 3.5.7-->","protected":false},"excerpt":{"rendered":"","protected":false},"featured_media":23047,"comment_status":"closed","ping_status":"open","template":"","meta":{"_acf_changed":false,"jetpack_post_was_ever_published":false,"jetpack_publicize_message":"","jetpack_publicize_feature_enabled":true,"jetpack_social_post_already_shared":false,"jetpack_social_options":{"image_generator_settings":{"template":"highway","enabled":false},"version":2}},"product_brand":[],"product_cat":[2398,2344,6,2356,2401,2355,2468,2400],"product_tag":[182,53,79,189,74,425,188],"class_list":{"0":"post-23046","1":"product","2":"type-product","3":"status-publish","4":"has-post-thumbnail","6":"product_cat-arts-entertainment-books","7":"product_cat-biography-memoir-books","8":"product_cat-books","9":"product_cat-europe-books","10":"product_cat-heads-of-state-books","11":"product_cat-history-books","12":"product_cat-painting-drawing-books","13":"product_cat-politicians-books","14":"product_tag-arts-entertainment","15":"product_tag-biography-memoir","16":"product_tag-europe","17":"product_tag-heads-of-state","18":"product_tag-history","19":"product_tag-painting-drawing","20":"product_tag-politicians","22":"first","23":"instock","24":"purchasable","25":"product-type-simple"},"jetpack_publicize_connections":[],"acf":[],"jetpack_sharing_enabled":true,"_links":{"self":[{"href":"https:\/\/www.elibron.com\/catalog\/wp-json\/wp\/v2\/product\/23046","targetHints":{"allow":["GET"]}}],"collection":[{"href":"https:\/\/www.elibron.com\/catalog\/wp-json\/wp\/v2\/product"}],"about":[{"href":"https:\/\/www.elibron.com\/catalog\/wp-json\/wp\/v2\/types\/product"}],"replies":[{"embeddable":true,"href":"https:\/\/www.elibron.com\/catalog\/wp-json\/wp\/v2\/comments?post=23046"}],"wp:featuredmedia":[{"embeddable":true,"href":"https:\/\/www.elibron.com\/catalog\/wp-json\/wp\/v2\/media\/23047"}],"wp:attachment":[{"href":"https:\/\/www.elibron.com\/catalog\/wp-json\/wp\/v2\/media?parent=23046"}],"wp:term":[{"taxonomy":"product_brand","embeddable":true,"href":"https:\/\/www.elibron.com\/catalog\/wp-json\/wp\/v2\/product_brand?post=23046"},{"taxonomy":"product_cat","embeddable":true,"href":"https:\/\/www.elibron.com\/catalog\/wp-json\/wp\/v2\/product_cat?post=23046"},{"taxonomy":"product_tag","embeddable":true,"href":"https:\/\/www.elibron.com\/catalog\/wp-json\/wp\/v2\/product_tag?post=23046"}],"curies":[{"name":"wp","href":"https:\/\/api.w.org\/{rel}","templated":true}]}}