{"id":22793,"date":"2017-04-03T15:59:22","date_gmt":"2017-04-03T15:59:22","guid":{"rendered":"https:\/\/www.elibron.com\/catalog\/product\/etudes-historiques-sur-les-religions-les-arts-la-civilisation-de-lasie-anterieure-et-de-la-grece\/"},"modified":"2017-04-06T05:42:06","modified_gmt":"2017-04-06T05:42:06","slug":"etudes-historiques-sur-les-religions-les-arts-la-civilisation-de-lasie-anterieure-et-de-la-grece","status":"publish","type":"product","link":"https:\/\/www.elibron.com\/catalog\/product\/etudes-historiques-sur-les-religions-les-arts-la-civilisation-de-lasie-anterieure-et-de-la-grece\/","title":{"rendered":"\u00c9tudes historiques sur les religions, les arts, la civilisation de l&#8217;Asie ant\u00e9rieure et de la Gr\u00e8ce"},"content":{"rendered":"<aside class=\"mashsb-container mashsb-main mashsb-stretched\"><div class=\"mashsb-box\"><div class=\"mashsb-buttons\"><a  class=\"mashicon-facebook mash-large mash-center mashsb-noshadow\" href=\"https:\/\/www.facebook.com\/sharer.php?u=https%3A%2F%2Fwww.elibron.com%2Fcatalog%2Fproduct%2Fetudes-historiques-sur-les-religions-les-arts-la-civilisation-de-lasie-anterieure-et-de-la-grece%2F\" target=\"_blank\" rel=\"noopener nofollow\"><span class=\"icon\"><\/span><span class=\"text\">Share<\/span><\/a><a  class=\"mashicon-twitter mash-large mash-center mashsb-noshadow\" href=\"https:\/\/twitter.com\/intent\/tweet?text=&url=https:\/\/www.elibron.com\/catalog\/product\/etudes-historiques-sur-les-religions-les-arts-la-civilisation-de-lasie-anterieure-et-de-la-grece\/&via=ElibronBooks\" target=\"_blank\" rel=\"noopener nofollow\"><span class=\"icon\"><\/span><span class=\"text\">Tweet<\/span><\/a><div class=\"onoffswitch2 mash-large mashsb-noshadow\" style=\"display:none;\"><\/div><\/div>\r\n            <\/div>\r\n                <div style=\"clear:both;\"><\/div><div class=\"mashsb-toggle-container\"><\/div><\/aside>\r\n            <!-- Share buttons by mashshare.net - Version: 3.5.7-->","protected":false},"excerpt":{"rendered":"","protected":false},"featured_media":22794,"comment_status":"closed","ping_status":"open","template":"","meta":{"_acf_changed":false,"jetpack_post_was_ever_published":false,"jetpack_publicize_message":"","jetpack_publicize_feature_enabled":true,"jetpack_social_post_already_shared":false,"jetpack_social_options":{"image_generator_settings":{"template":"highway","enabled":false},"version":2}},"product_brand":[],"product_cat":[2503,2409,2475,6,2476,2477,2356,2410,2355,2337,2381,2421],"product_tag":[677,214,466,467,468,79,236,74,119,134,343],"class_list":{"0":"post-22793","1":"product","2":"type-product","3":"status-publish","4":"has-post-thumbnail","6":"product_cat-ancient-greek-and-roman","7":"product_cat-ancient-history","8":"product_cat-ancient-israelite","9":"product_cat-books","10":"product_cat-canaanite-books","11":"product_cat-egyptian-books","12":"product_cat-europe-books","13":"product_cat-general-books","14":"product_cat-history-books","15":"product_cat-literary-criticism-studies-books","16":"product_cat-religions-spirituality-books","17":"product_cat-the-study-of-religion-books","18":"product_tag-ancient-greek-and-roman","19":"product_tag-ancient-history","20":"product_tag-ancient-israelite","21":"product_tag-canaanite","22":"product_tag-egyptian","23":"product_tag-europe","24":"product_tag-general","25":"product_tag-history","26":"product_tag-literary-criticism-studies","27":"product_tag-religions-spirituality","28":"product_tag-the-study-of-religion","30":"first","31":"instock","32":"purchasable","33":"product-type-simple"},"jetpack_publicize_connections":[],"acf":[],"jetpack_sharing_enabled":true,"_links":{"self":[{"href":"https:\/\/www.elibron.com\/catalog\/wp-json\/wp\/v2\/product\/22793","targetHints":{"allow":["GET"]}}],"collection":[{"href":"https:\/\/www.elibron.com\/catalog\/wp-json\/wp\/v2\/product"}],"about":[{"href":"https:\/\/www.elibron.com\/catalog\/wp-json\/wp\/v2\/types\/product"}],"replies":[{"embeddable":true,"href":"https:\/\/www.elibron.com\/catalog\/wp-json\/wp\/v2\/comments?post=22793"}],"wp:featuredmedia":[{"embeddable":true,"href":"https:\/\/www.elibron.com\/catalog\/wp-json\/wp\/v2\/media\/22794"}],"wp:attachment":[{"href":"https:\/\/www.elibron.com\/catalog\/wp-json\/wp\/v2\/media?parent=22793"}],"wp:term":[{"taxonomy":"product_brand","embeddable":true,"href":"https:\/\/www.elibron.com\/catalog\/wp-json\/wp\/v2\/product_brand?post=22793"},{"taxonomy":"product_cat","embeddable":true,"href":"https:\/\/www.elibron.com\/catalog\/wp-json\/wp\/v2\/product_cat?post=22793"},{"taxonomy":"product_tag","embeddable":true,"href":"https:\/\/www.elibron.com\/catalog\/wp-json\/wp\/v2\/product_tag?post=22793"}],"curies":[{"name":"wp","href":"https:\/\/api.w.org\/{rel}","templated":true}]}}