{"id":22361,"date":"2017-04-03T15:52:00","date_gmt":"2017-04-03T15:52:00","guid":{"rendered":"https:\/\/www.elibron.com\/catalog\/product\/melanges-darcheologie-dhistoire-et-de-litterature-collection-de-memoires-volume-2-sur-lorfevrerie-ecclesiastique-du-moyen-age\/"},"modified":"2017-04-06T05:38:17","modified_gmt":"2017-04-06T05:38:17","slug":"melanges-darcheologie-dhistoire-et-de-litterature-collection-de-memoires-volume-2-sur-lorfevrerie-ecclesiastique-du-moyen-age","status":"publish","type":"product","link":"https:\/\/www.elibron.com\/catalog\/product\/melanges-darcheologie-dhistoire-et-de-litterature-collection-de-memoires-volume-2-sur-lorfevrerie-ecclesiastique-du-moyen-age\/","title":{"rendered":"M\u00e9langes d&#8217;arch\u00e9ologie, d&#8217;histoire et de litt\u00e9rature. Collection de m\u00e9moires. Volume 2: Sur l&#8217;Orf\u00e9vrerie eccl\u00e9siastique du Moyen \u00c2ge"},"content":{"rendered":"<aside class=\"mashsb-container mashsb-main mashsb-stretched\"><div class=\"mashsb-box\"><div class=\"mashsb-buttons\"><a  class=\"mashicon-facebook mash-large mash-center mashsb-noshadow\" href=\"https:\/\/www.facebook.com\/sharer.php?u=https%3A%2F%2Fwww.elibron.com%2Fcatalog%2Fproduct%2Fmelanges-darcheologie-dhistoire-et-de-litterature-collection-de-memoires-volume-2-sur-lorfevrerie-ecclesiastique-du-moyen-age%2F\" target=\"_blank\" rel=\"noopener nofollow\"><span class=\"icon\"><\/span><span class=\"text\">Share<\/span><\/a><a  class=\"mashicon-twitter mash-large mash-center mashsb-noshadow\" href=\"https:\/\/twitter.com\/intent\/tweet?text=&url=https:\/\/www.elibron.com\/catalog\/product\/melanges-darcheologie-dhistoire-et-de-litterature-collection-de-memoires-volume-2-sur-lorfevrerie-ecclesiastique-du-moyen-age\/&via=ElibronBooks\" target=\"_blank\" rel=\"noopener nofollow\"><span class=\"icon\"><\/span><span class=\"text\">Tweet<\/span><\/a><div class=\"onoffswitch2 mash-large mashsb-noshadow\" style=\"display:none;\"><\/div><\/div>\r\n            <\/div>\r\n                <div style=\"clear:both;\"><\/div><div class=\"mashsb-toggle-container\"><\/div><\/aside>\r\n            <!-- Share buttons by mashshare.net - Version: 3.5.7-->","protected":false},"excerpt":{"rendered":"","protected":false},"featured_media":22362,"comment_status":"closed","ping_status":"open","template":"","meta":{"_acf_changed":false,"jetpack_post_was_ever_published":false,"jetpack_publicize_message":"","jetpack_publicize_feature_enabled":true,"jetpack_social_post_already_shared":false,"jetpack_social_options":{"image_generator_settings":{"template":"highway","enabled":false},"version":2}},"product_brand":[],"product_cat":[2405,2398,6],"product_tag":[205,182],"class_list":{"0":"post-22361","1":"product","2":"type-product","3":"status-publish","4":"has-post-thumbnail","6":"product_cat-art-history-art-study","7":"product_cat-arts-entertainment-books","8":"product_cat-books","9":"product_tag-art-history-art-study","10":"product_tag-arts-entertainment","12":"first","13":"instock","14":"purchasable","15":"product-type-simple"},"jetpack_publicize_connections":[],"acf":[],"jetpack_sharing_enabled":true,"_links":{"self":[{"href":"https:\/\/www.elibron.com\/catalog\/wp-json\/wp\/v2\/product\/22361","targetHints":{"allow":["GET"]}}],"collection":[{"href":"https:\/\/www.elibron.com\/catalog\/wp-json\/wp\/v2\/product"}],"about":[{"href":"https:\/\/www.elibron.com\/catalog\/wp-json\/wp\/v2\/types\/product"}],"replies":[{"embeddable":true,"href":"https:\/\/www.elibron.com\/catalog\/wp-json\/wp\/v2\/comments?post=22361"}],"wp:featuredmedia":[{"embeddable":true,"href":"https:\/\/www.elibron.com\/catalog\/wp-json\/wp\/v2\/media\/22362"}],"wp:attachment":[{"href":"https:\/\/www.elibron.com\/catalog\/wp-json\/wp\/v2\/media?parent=22361"}],"wp:term":[{"taxonomy":"product_brand","embeddable":true,"href":"https:\/\/www.elibron.com\/catalog\/wp-json\/wp\/v2\/product_brand?post=22361"},{"taxonomy":"product_cat","embeddable":true,"href":"https:\/\/www.elibron.com\/catalog\/wp-json\/wp\/v2\/product_cat?post=22361"},{"taxonomy":"product_tag","embeddable":true,"href":"https:\/\/www.elibron.com\/catalog\/wp-json\/wp\/v2\/product_tag?post=22361"}],"curies":[{"name":"wp","href":"https:\/\/api.w.org\/{rel}","templated":true}]}}