{"id":22275,"date":"2017-04-03T15:50:42","date_gmt":"2017-04-03T15:50:42","guid":{"rendered":"https:\/\/www.elibron.com\/catalog\/product\/memoires-historiques-politiques-et-geographiques-des-voyages-du-comte-de-ferrieres-sauveb%c2%9cuf-faits-en-turquie-en-perse-et-en-arabie-depuis-1782-jusquen-1789-avec-ses-observations-sur-la-re-2\/"},"modified":"2017-04-06T05:37:28","modified_gmt":"2017-04-06T05:37:28","slug":"memoires-historiques-politiques-et-geographiques-des-voyages-du-comte-de-ferrieres-sauveb%c2%9cuf-faits-en-turquie-en-perse-et-en-arabie-depuis-1782-jusquen-1789-avec-ses-observations-sur-la-re-2","status":"publish","type":"product","link":"https:\/\/www.elibron.com\/catalog\/product\/memoires-historiques-politiques-et-geographiques-des-voyages-du-comte-de-ferrieres-sauveb%c2%9cuf-faits-en-turquie-en-perse-et-en-arabie-depuis-1782-jusquen-1789-avec-ses-observations-sur-la-re-2\/","title":{"rendered":"M\u00e9moires historiques, politiques et g\u00e9ographiques des voyages du comte de Ferri\u00e8res-Sauveb\u009cuf, faits en Turquie, en Perse et en Arabie, depuis 1782, jusqu&#8217;en 1789. Avec ses observations sur la religion, les moeurs, le caract\u00e8re &#038; le commerce de ces trois n"},"content":{"rendered":"<aside class=\"mashsb-container mashsb-main mashsb-stretched\"><div class=\"mashsb-box\"><div class=\"mashsb-buttons\"><a  class=\"mashicon-facebook mash-large mash-center mashsb-noshadow\" href=\"https:\/\/www.facebook.com\/sharer.php?u=https%3A%2F%2Fwww.elibron.com%2Fcatalog%2Fproduct%2Fmemoires-historiques-politiques-et-geographiques-des-voyages-du-comte-de-ferrieres-sauveb%25c2%259cuf-faits-en-turquie-en-perse-et-en-arabie-depuis-1782-jusquen-1789-avec-ses-observations-sur-la-re-2%2F\" target=\"_blank\" rel=\"noopener nofollow\"><span class=\"icon\"><\/span><span class=\"text\">Share<\/span><\/a><a  class=\"mashicon-twitter mash-large mash-center mashsb-noshadow\" href=\"https:\/\/twitter.com\/intent\/tweet?text=&url=https:\/\/www.elibron.com\/catalog\/product\/memoires-historiques-politiques-et-geographiques-des-voyages-du-comte-de-ferrieres-sauveb%c2%9cuf-faits-en-turquie-en-perse-et-en-arabie-depuis-1782-jusquen-1789-avec-ses-observations-sur-la-re-2\/&via=ElibronBooks\" target=\"_blank\" rel=\"noopener nofollow\"><span class=\"icon\"><\/span><span class=\"text\">Tweet<\/span><\/a><div class=\"onoffswitch2 mash-large mashsb-noshadow\" style=\"display:none;\"><\/div><\/div>\r\n            <\/div>\r\n                <div style=\"clear:both;\"><\/div><div class=\"mashsb-toggle-container\"><\/div><\/aside>\r\n            <!-- Share buttons by mashshare.net - Version: 3.5.7-->","protected":false},"excerpt":{"rendered":"","protected":false},"featured_media":22276,"comment_status":"closed","ping_status":"open","template":"","meta":{"_acf_changed":false,"jetpack_post_was_ever_published":false,"jetpack_publicize_message":"","jetpack_publicize_feature_enabled":true,"jetpack_social_post_already_shared":false,"jetpack_social_options":{"image_generator_settings":{"template":"highway","enabled":false},"version":2}},"product_brand":[],"product_cat":[2344,6,2358,2378,2355,2404,2357,2379],"product_tag":[53,76,128,74,203,193,129],"class_list":{"0":"post-22275","1":"product","2":"type-product","3":"status-publish","4":"has-post-thumbnail","6":"product_cat-biography-memoir-books","7":"product_cat-books","8":"product_cat-countries-maps-books","9":"product_cat-customs-traditions-of-nations-books","10":"product_cat-history-books","11":"product_cat-middle-east-books","12":"product_cat-travel-books","13":"product_cat-travel-stories-books","14":"product_tag-biography-memoir","15":"product_tag-countries-maps","16":"product_tag-customs-traditions-of-nations","17":"product_tag-history","18":"product_tag-middle-east","19":"product_tag-travel","20":"product_tag-travel-stories","22":"first","23":"instock","24":"purchasable","25":"product-type-simple"},"jetpack_publicize_connections":[],"acf":[],"jetpack_sharing_enabled":true,"_links":{"self":[{"href":"https:\/\/www.elibron.com\/catalog\/wp-json\/wp\/v2\/product\/22275","targetHints":{"allow":["GET"]}}],"collection":[{"href":"https:\/\/www.elibron.com\/catalog\/wp-json\/wp\/v2\/product"}],"about":[{"href":"https:\/\/www.elibron.com\/catalog\/wp-json\/wp\/v2\/types\/product"}],"replies":[{"embeddable":true,"href":"https:\/\/www.elibron.com\/catalog\/wp-json\/wp\/v2\/comments?post=22275"}],"wp:featuredmedia":[{"embeddable":true,"href":"https:\/\/www.elibron.com\/catalog\/wp-json\/wp\/v2\/media\/22276"}],"wp:attachment":[{"href":"https:\/\/www.elibron.com\/catalog\/wp-json\/wp\/v2\/media?parent=22275"}],"wp:term":[{"taxonomy":"product_brand","embeddable":true,"href":"https:\/\/www.elibron.com\/catalog\/wp-json\/wp\/v2\/product_brand?post=22275"},{"taxonomy":"product_cat","embeddable":true,"href":"https:\/\/www.elibron.com\/catalog\/wp-json\/wp\/v2\/product_cat?post=22275"},{"taxonomy":"product_tag","embeddable":true,"href":"https:\/\/www.elibron.com\/catalog\/wp-json\/wp\/v2\/product_tag?post=22275"}],"curies":[{"name":"wp","href":"https:\/\/api.w.org\/{rel}","templated":true}]}}