{"id":22037,"date":"2017-04-03T15:46:46","date_gmt":"2017-04-03T15:46:46","guid":{"rendered":"https:\/\/www.elibron.com\/catalog\/product\/la-premiere-partie-de-l%c2%8cuvre-minerale-ou-est-enseignee-la-separation-de-lor-des-pierres-a-feu-sable-argile-et-autres-fossiles-par-lesprit-de-sel-ce-qui-ne-se-peut-faire-par-autre-voie\/"},"modified":"2017-04-06T05:35:21","modified_gmt":"2017-04-06T05:35:21","slug":"la-premiere-partie-de-l%c2%8cuvre-minerale-ou-est-enseignee-la-separation-de-lor-des-pierres-a-feu-sable-argile-et-autres-fossiles-par-lesprit-de-sel-ce-qui-ne-se-peut-faire-par-autre-voie","status":"publish","type":"product","link":"https:\/\/www.elibron.com\/catalog\/product\/la-premiere-partie-de-l%c2%8cuvre-minerale-ou-est-enseignee-la-separation-de-lor-des-pierres-a-feu-sable-argile-et-autres-fossiles-par-lesprit-de-sel-ce-qui-ne-se-peut-faire-par-autre-voie\/","title":{"rendered":"La premi\u00e8re partie de l&#8217;\u008cuvre Min\u00e9rale. O\u00f9 est enseign\u00e9e la s\u00e9paration de l&#8217;or des pierres \u00e0 feu, sable, argile et autres fossiles, par l&#8217;esprit de sel, ce qui ne se peut faire par autre voie"},"content":{"rendered":"<aside class=\"mashsb-container mashsb-main mashsb-stretched\"><div class=\"mashsb-box\"><div class=\"mashsb-buttons\"><a  class=\"mashicon-facebook mash-large mash-center mashsb-noshadow\" href=\"https:\/\/www.facebook.com\/sharer.php?u=https%3A%2F%2Fwww.elibron.com%2Fcatalog%2Fproduct%2Fla-premiere-partie-de-l%25c2%258cuvre-minerale-ou-est-enseignee-la-separation-de-lor-des-pierres-a-feu-sable-argile-et-autres-fossiles-par-lesprit-de-sel-ce-qui-ne-se-peut-faire-par-autre-voie%2F\" target=\"_blank\" rel=\"noopener nofollow\"><span class=\"icon\"><\/span><span class=\"text\">Share<\/span><\/a><a  class=\"mashicon-twitter mash-large mash-center mashsb-noshadow\" href=\"https:\/\/twitter.com\/intent\/tweet?text=&url=https:\/\/www.elibron.com\/catalog\/product\/la-premiere-partie-de-l%c2%8cuvre-minerale-ou-est-enseignee-la-separation-de-lor-des-pierres-a-feu-sable-argile-et-autres-fossiles-par-lesprit-de-sel-ce-qui-ne-se-peut-faire-par-autre-voie\/&via=ElibronBooks\" target=\"_blank\" rel=\"noopener nofollow\"><span class=\"icon\"><\/span><span class=\"text\">Tweet<\/span><\/a><div class=\"onoffswitch2 mash-large mashsb-noshadow\" style=\"display:none;\"><\/div><\/div>\r\n            <\/div>\r\n                <div style=\"clear:both;\"><\/div><div class=\"mashsb-toggle-container\"><\/div><\/aside>\r\n            <!-- Share buttons by mashshare.net - Version: 3.5.7-->","protected":false},"excerpt":{"rendered":"","protected":false},"featured_media":22038,"comment_status":"closed","ping_status":"open","template":"","meta":{"_acf_changed":false,"jetpack_post_was_ever_published":false,"jetpack_publicize_message":"","jetpack_publicize_feature_enabled":true,"jetpack_social_post_already_shared":false,"jetpack_social_options":{"image_generator_settings":{"template":"highway","enabled":false},"version":2}},"product_brand":[],"product_cat":[6,2511,2365],"product_tag":[719,91],"class_list":{"0":"post-22037","1":"product","2":"type-product","3":"status-publish","4":"has-post-thumbnail","6":"product_cat-books","7":"product_cat-chemistry-books","8":"product_cat-sciences-books","9":"product_tag-chemistry","10":"product_tag-sciences","12":"first","13":"instock","14":"purchasable","15":"product-type-simple"},"jetpack_publicize_connections":[],"acf":[],"jetpack_sharing_enabled":true,"_links":{"self":[{"href":"https:\/\/www.elibron.com\/catalog\/wp-json\/wp\/v2\/product\/22037","targetHints":{"allow":["GET"]}}],"collection":[{"href":"https:\/\/www.elibron.com\/catalog\/wp-json\/wp\/v2\/product"}],"about":[{"href":"https:\/\/www.elibron.com\/catalog\/wp-json\/wp\/v2\/types\/product"}],"replies":[{"embeddable":true,"href":"https:\/\/www.elibron.com\/catalog\/wp-json\/wp\/v2\/comments?post=22037"}],"wp:featuredmedia":[{"embeddable":true,"href":"https:\/\/www.elibron.com\/catalog\/wp-json\/wp\/v2\/media\/22038"}],"wp:attachment":[{"href":"https:\/\/www.elibron.com\/catalog\/wp-json\/wp\/v2\/media?parent=22037"}],"wp:term":[{"taxonomy":"product_brand","embeddable":true,"href":"https:\/\/www.elibron.com\/catalog\/wp-json\/wp\/v2\/product_brand?post=22037"},{"taxonomy":"product_cat","embeddable":true,"href":"https:\/\/www.elibron.com\/catalog\/wp-json\/wp\/v2\/product_cat?post=22037"},{"taxonomy":"product_tag","embeddable":true,"href":"https:\/\/www.elibron.com\/catalog\/wp-json\/wp\/v2\/product_tag?post=22037"}],"curies":[{"name":"wp","href":"https:\/\/api.w.org\/{rel}","templated":true}]}}