{"id":21749,"date":"2017-04-03T15:42:00","date_gmt":"2017-04-03T15:42:00","guid":{"rendered":"https:\/\/www.elibron.com\/catalog\/product\/congres-international-darcheologie-prehistorique-et-danthropologie-11-eme-session-a-moscou-du-113-820-aout-1892-tome-1\/"},"modified":"2017-04-06T05:32:42","modified_gmt":"2017-04-06T05:32:42","slug":"congres-international-darcheologie-prehistorique-et-danthropologie-11-eme-session-a-moscou-du-113-820-aout-1892-tome-1","status":"publish","type":"product","link":"https:\/\/www.elibron.com\/catalog\/product\/congres-international-darcheologie-prehistorique-et-danthropologie-11-eme-session-a-moscou-du-113-820-aout-1892-tome-1\/","title":{"rendered":"Congr\u00e8s international d&#8217;arch\u00e9ologie pr\u00e9historique et d&#8217;anthropologie. 11-\u00e8me session, \u00e1 Moscou, du 1\/13-8\/20 ao\u00fbt 1892. Tome 1"},"content":{"rendered":"<aside class=\"mashsb-container mashsb-main mashsb-stretched\"><div class=\"mashsb-box\"><div class=\"mashsb-buttons\"><a  class=\"mashicon-facebook mash-large mash-center mashsb-noshadow\" href=\"https:\/\/www.facebook.com\/sharer.php?u=https%3A%2F%2Fwww.elibron.com%2Fcatalog%2Fproduct%2Fcongres-international-darcheologie-prehistorique-et-danthropologie-11-eme-session-a-moscou-du-113-820-aout-1892-tome-1%2F\" target=\"_blank\" rel=\"noopener nofollow\"><span class=\"icon\"><\/span><span class=\"text\">Share<\/span><\/a><a  class=\"mashicon-twitter mash-large mash-center mashsb-noshadow\" href=\"https:\/\/twitter.com\/intent\/tweet?text=&url=https:\/\/www.elibron.com\/catalog\/product\/congres-international-darcheologie-prehistorique-et-danthropologie-11-eme-session-a-moscou-du-113-820-aout-1892-tome-1\/&via=ElibronBooks\" target=\"_blank\" rel=\"noopener nofollow\"><span class=\"icon\"><\/span><span class=\"text\">Tweet<\/span><\/a><div class=\"onoffswitch2 mash-large mashsb-noshadow\" style=\"display:none;\"><\/div><\/div>\r\n            <\/div>\r\n                <div style=\"clear:both;\"><\/div><div class=\"mashsb-toggle-container\"><\/div><\/aside>\r\n            <!-- Share buttons by mashshare.net - Version: 3.5.7-->","protected":false},"excerpt":{"rendered":"","protected":false},"featured_media":21750,"comment_status":"closed","ping_status":"open","template":"","meta":{"_acf_changed":false,"jetpack_post_was_ever_published":false,"jetpack_publicize_message":"","jetpack_publicize_feature_enabled":true,"jetpack_social_post_already_shared":false,"jetpack_social_options":{"image_generator_settings":{"template":"highway","enabled":false},"version":2}},"product_brand":[],"product_cat":[2416,2486,6,2365],"product_tag":[229,527,91],"class_list":{"0":"post-21749","1":"product","2":"type-product","3":"status-publish","4":"has-post-thumbnail","6":"product_cat-anthropology","7":"product_cat-archaeology","8":"product_cat-books","9":"product_cat-sciences-books","10":"product_tag-anthropology","11":"product_tag-archaeology","12":"product_tag-sciences","14":"first","15":"instock","16":"purchasable","17":"product-type-simple"},"jetpack_publicize_connections":[],"acf":[],"jetpack_sharing_enabled":true,"_links":{"self":[{"href":"https:\/\/www.elibron.com\/catalog\/wp-json\/wp\/v2\/product\/21749","targetHints":{"allow":["GET"]}}],"collection":[{"href":"https:\/\/www.elibron.com\/catalog\/wp-json\/wp\/v2\/product"}],"about":[{"href":"https:\/\/www.elibron.com\/catalog\/wp-json\/wp\/v2\/types\/product"}],"replies":[{"embeddable":true,"href":"https:\/\/www.elibron.com\/catalog\/wp-json\/wp\/v2\/comments?post=21749"}],"wp:featuredmedia":[{"embeddable":true,"href":"https:\/\/www.elibron.com\/catalog\/wp-json\/wp\/v2\/media\/21750"}],"wp:attachment":[{"href":"https:\/\/www.elibron.com\/catalog\/wp-json\/wp\/v2\/media?parent=21749"}],"wp:term":[{"taxonomy":"product_brand","embeddable":true,"href":"https:\/\/www.elibron.com\/catalog\/wp-json\/wp\/v2\/product_brand?post=21749"},{"taxonomy":"product_cat","embeddable":true,"href":"https:\/\/www.elibron.com\/catalog\/wp-json\/wp\/v2\/product_cat?post=21749"},{"taxonomy":"product_tag","embeddable":true,"href":"https:\/\/www.elibron.com\/catalog\/wp-json\/wp\/v2\/product_tag?post=21749"}],"curies":[{"name":"wp","href":"https:\/\/api.w.org\/{rel}","templated":true}]}}