{"id":20069,"date":"2017-04-03T15:15:08","date_gmt":"2017-04-03T15:15:08","guid":{"rendered":"https:\/\/www.elibron.com\/catalog\/product\/les-guepes-gauloises-petite-encyclopedie-des-meilleures-epigrammes-quatrains-epitaphes-portraits-madrigaux-sonnets-et-couplets-satiriques-depuis-clement-marot-jusquaux-poetes-de-nos-jours\/"},"modified":"2017-04-06T05:16:59","modified_gmt":"2017-04-06T05:16:59","slug":"les-guepes-gauloises-petite-encyclopedie-des-meilleures-epigrammes-quatrains-epitaphes-portraits-madrigaux-sonnets-et-couplets-satiriques-depuis-clement-marot-jusquaux-poetes-de-nos-jours","status":"publish","type":"product","link":"https:\/\/www.elibron.com\/catalog\/product\/les-guepes-gauloises-petite-encyclopedie-des-meilleures-epigrammes-quatrains-epitaphes-portraits-madrigaux-sonnets-et-couplets-satiriques-depuis-clement-marot-jusquaux-poetes-de-nos-jours\/","title":{"rendered":"Les gu\u00eapes gauloises. Petite encyclop\u00e9die des meilleures \u00e9pigrammes, quatrains, \u00e9pitaphes, portraits, madrigaux, sonnets et couplets satiriques depuis Cl\u00e9ment Marot jusqu&#8217;aux po\u00e8tes de nos jours"},"content":{"rendered":"<aside class=\"mashsb-container mashsb-main mashsb-stretched\"><div class=\"mashsb-box\"><div class=\"mashsb-buttons\"><a  class=\"mashicon-facebook mash-large mash-center mashsb-noshadow\" href=\"https:\/\/www.facebook.com\/sharer.php?u=https%3A%2F%2Fwww.elibron.com%2Fcatalog%2Fproduct%2Fles-guepes-gauloises-petite-encyclopedie-des-meilleures-epigrammes-quatrains-epitaphes-portraits-madrigaux-sonnets-et-couplets-satiriques-depuis-clement-marot-jusquaux-poetes-de-nos-jours%2F\" target=\"_blank\" rel=\"noopener nofollow\"><span class=\"icon\"><\/span><span class=\"text\">Share<\/span><\/a><a  class=\"mashicon-twitter mash-large mash-center mashsb-noshadow\" href=\"https:\/\/twitter.com\/intent\/tweet?text=&url=https:\/\/www.elibron.com\/catalog\/product\/les-guepes-gauloises-petite-encyclopedie-des-meilleures-epigrammes-quatrains-epitaphes-portraits-madrigaux-sonnets-et-couplets-satiriques-depuis-clement-marot-jusquaux-poetes-de-nos-jours\/&via=ElibronBooks\" target=\"_blank\" rel=\"noopener nofollow\"><span class=\"icon\"><\/span><span class=\"text\">Tweet<\/span><\/a><div class=\"onoffswitch2 mash-large mashsb-noshadow\" style=\"display:none;\"><\/div><\/div>\r\n            <\/div>\r\n                <div style=\"clear:both;\"><\/div><div class=\"mashsb-toggle-container\"><\/div><\/aside>\r\n            <!-- Share buttons by mashshare.net - Version: 3.5.7-->","protected":false},"excerpt":{"rendered":"","protected":false},"featured_media":20070,"comment_status":"closed","ping_status":"open","template":"","meta":{"_acf_changed":false,"jetpack_post_was_ever_published":false,"jetpack_publicize_message":"","jetpack_publicize_feature_enabled":true,"jetpack_social_post_already_shared":false,"jetpack_social_options":{"image_generator_settings":{"template":"highway","enabled":false},"version":2}},"product_brand":[],"product_cat":[6,2414,2334,2394],"product_tag":[225,10,224],"class_list":{"0":"post-20069","1":"product","2":"type-product","3":"status-publish","4":"has-post-thumbnail","6":"product_cat-books","7":"product_cat-encyclopedias-books","8":"product_cat-poetry-books","9":"product_cat-reference-books","10":"product_tag-encyclopedias","11":"product_tag-poetry","12":"product_tag-reference","14":"first","15":"instock","16":"purchasable","17":"product-type-simple"},"jetpack_publicize_connections":[],"acf":[],"jetpack_sharing_enabled":true,"_links":{"self":[{"href":"https:\/\/www.elibron.com\/catalog\/wp-json\/wp\/v2\/product\/20069","targetHints":{"allow":["GET"]}}],"collection":[{"href":"https:\/\/www.elibron.com\/catalog\/wp-json\/wp\/v2\/product"}],"about":[{"href":"https:\/\/www.elibron.com\/catalog\/wp-json\/wp\/v2\/types\/product"}],"replies":[{"embeddable":true,"href":"https:\/\/www.elibron.com\/catalog\/wp-json\/wp\/v2\/comments?post=20069"}],"wp:featuredmedia":[{"embeddable":true,"href":"https:\/\/www.elibron.com\/catalog\/wp-json\/wp\/v2\/media\/20070"}],"wp:attachment":[{"href":"https:\/\/www.elibron.com\/catalog\/wp-json\/wp\/v2\/media?parent=20069"}],"wp:term":[{"taxonomy":"product_brand","embeddable":true,"href":"https:\/\/www.elibron.com\/catalog\/wp-json\/wp\/v2\/product_brand?post=20069"},{"taxonomy":"product_cat","embeddable":true,"href":"https:\/\/www.elibron.com\/catalog\/wp-json\/wp\/v2\/product_cat?post=20069"},{"taxonomy":"product_tag","embeddable":true,"href":"https:\/\/www.elibron.com\/catalog\/wp-json\/wp\/v2\/product_tag?post=20069"}],"curies":[{"name":"wp","href":"https:\/\/api.w.org\/{rel}","templated":true}]}}