{"id":20035,"date":"2017-04-03T15:14:48","date_gmt":"2017-04-03T15:14:48","guid":{"rendered":"https:\/\/www.elibron.com\/catalog\/product\/les-habitants-primitifs-de-la-scandinavie-essai-dethnographie-comparee-partie-1-lage-de-la-pierre-traduit-du-suedois-sur-le-manuscrit-de-la-3e-edition-preparee-par-lauteur\/"},"modified":"2017-04-06T05:16:40","modified_gmt":"2017-04-06T05:16:40","slug":"les-habitants-primitifs-de-la-scandinavie-essai-dethnographie-comparee-partie-1-lage-de-la-pierre-traduit-du-suedois-sur-le-manuscrit-de-la-3e-edition-preparee-par-lauteur","status":"publish","type":"product","link":"https:\/\/www.elibron.com\/catalog\/product\/les-habitants-primitifs-de-la-scandinavie-essai-dethnographie-comparee-partie-1-lage-de-la-pierre-traduit-du-suedois-sur-le-manuscrit-de-la-3e-edition-preparee-par-lauteur\/","title":{"rendered":"Les habitants primitifs de la Scandinavie. Essai d&#8217;ethnographie compar\u00e9e. Partie 1. L&#8217;age de la pierre. Traduit du Su\u00e9dois, sur le manuscrit de la 3e \u00e9dition pr\u00e9par\u00e9e par l&#8217;auteur"},"content":{"rendered":"<aside class=\"mashsb-container mashsb-main mashsb-stretched\"><div class=\"mashsb-box\"><div class=\"mashsb-buttons\"><a  class=\"mashicon-facebook mash-large mash-center mashsb-noshadow\" href=\"https:\/\/www.facebook.com\/sharer.php?u=https%3A%2F%2Fwww.elibron.com%2Fcatalog%2Fproduct%2Fles-habitants-primitifs-de-la-scandinavie-essai-dethnographie-comparee-partie-1-lage-de-la-pierre-traduit-du-suedois-sur-le-manuscrit-de-la-3e-edition-preparee-par-lauteur%2F\" target=\"_blank\" rel=\"noopener nofollow\"><span class=\"icon\"><\/span><span class=\"text\">Share<\/span><\/a><a  class=\"mashicon-twitter mash-large mash-center mashsb-noshadow\" href=\"https:\/\/twitter.com\/intent\/tweet?text=&url=https:\/\/www.elibron.com\/catalog\/product\/les-habitants-primitifs-de-la-scandinavie-essai-dethnographie-comparee-partie-1-lage-de-la-pierre-traduit-du-suedois-sur-le-manuscrit-de-la-3e-edition-preparee-par-lauteur\/&via=ElibronBooks\" target=\"_blank\" rel=\"noopener nofollow\"><span class=\"icon\"><\/span><span class=\"text\">Tweet<\/span><\/a><div class=\"onoffswitch2 mash-large mashsb-noshadow\" style=\"display:none;\"><\/div><\/div>\r\n            <\/div>\r\n                <div style=\"clear:both;\"><\/div><div class=\"mashsb-toggle-container\"><\/div><\/aside>\r\n            <!-- Share buttons by mashshare.net - Version: 3.5.7-->","protected":false},"excerpt":{"rendered":"","protected":false},"featured_media":20036,"comment_status":"closed","ping_status":"open","template":"","meta":{"_acf_changed":false,"jetpack_post_was_ever_published":false,"jetpack_publicize_message":"","jetpack_publicize_feature_enabled":true,"jetpack_social_post_already_shared":false,"jetpack_social_options":{"image_generator_settings":{"template":"highway","enabled":false},"version":2}},"product_brand":[],"product_cat":[2416,2486,6,2365],"product_tag":[229,527,91],"class_list":{"0":"post-20035","1":"product","2":"type-product","3":"status-publish","4":"has-post-thumbnail","6":"product_cat-anthropology","7":"product_cat-archaeology","8":"product_cat-books","9":"product_cat-sciences-books","10":"product_tag-anthropology","11":"product_tag-archaeology","12":"product_tag-sciences","14":"first","15":"instock","16":"purchasable","17":"product-type-simple"},"jetpack_publicize_connections":[],"acf":[],"jetpack_sharing_enabled":true,"_links":{"self":[{"href":"https:\/\/www.elibron.com\/catalog\/wp-json\/wp\/v2\/product\/20035","targetHints":{"allow":["GET"]}}],"collection":[{"href":"https:\/\/www.elibron.com\/catalog\/wp-json\/wp\/v2\/product"}],"about":[{"href":"https:\/\/www.elibron.com\/catalog\/wp-json\/wp\/v2\/types\/product"}],"replies":[{"embeddable":true,"href":"https:\/\/www.elibron.com\/catalog\/wp-json\/wp\/v2\/comments?post=20035"}],"wp:featuredmedia":[{"embeddable":true,"href":"https:\/\/www.elibron.com\/catalog\/wp-json\/wp\/v2\/media\/20036"}],"wp:attachment":[{"href":"https:\/\/www.elibron.com\/catalog\/wp-json\/wp\/v2\/media?parent=20035"}],"wp:term":[{"taxonomy":"product_brand","embeddable":true,"href":"https:\/\/www.elibron.com\/catalog\/wp-json\/wp\/v2\/product_brand?post=20035"},{"taxonomy":"product_cat","embeddable":true,"href":"https:\/\/www.elibron.com\/catalog\/wp-json\/wp\/v2\/product_cat?post=20035"},{"taxonomy":"product_tag","embeddable":true,"href":"https:\/\/www.elibron.com\/catalog\/wp-json\/wp\/v2\/product_tag?post=20035"}],"curies":[{"name":"wp","href":"https:\/\/api.w.org\/{rel}","templated":true}]}}