{"id":19901,"date":"2017-04-03T15:12:39","date_gmt":"2017-04-03T15:12:39","guid":{"rendered":"https:\/\/www.elibron.com\/catalog\/product\/die-inhalation-medikamentoser-flussigkeiten-und-ihre-verwertung-bei-krankheiten-der-athmungsorgane-zum-gebrauche-fur-arzte\/"},"modified":"2017-04-06T05:15:22","modified_gmt":"2017-04-06T05:15:22","slug":"die-inhalation-medikamentoser-flussigkeiten-und-ihre-verwertung-bei-krankheiten-der-athmungsorgane-zum-gebrauche-fur-arzte","status":"publish","type":"product","link":"https:\/\/www.elibron.com\/catalog\/product\/die-inhalation-medikamentoser-flussigkeiten-und-ihre-verwertung-bei-krankheiten-der-athmungsorgane-zum-gebrauche-fur-arzte\/","title":{"rendered":"Die Inhalation medikament\u00f6ser Fl\u00fcssigkeiten und ihre Verwertung bei Krankheiten der Athmungsorgane. Zum Gebrauche f\u00fcr \u00c4rzte"},"content":{"rendered":"<aside class=\"mashsb-container mashsb-main mashsb-stretched\"><div class=\"mashsb-box\"><div class=\"mashsb-buttons\"><a  class=\"mashicon-facebook mash-large mash-center mashsb-noshadow\" href=\"https:\/\/www.facebook.com\/sharer.php?u=https%3A%2F%2Fwww.elibron.com%2Fcatalog%2Fproduct%2Fdie-inhalation-medikamentoser-flussigkeiten-und-ihre-verwertung-bei-krankheiten-der-athmungsorgane-zum-gebrauche-fur-arzte%2F\" target=\"_blank\" rel=\"noopener nofollow\"><span class=\"icon\"><\/span><span class=\"text\">Share<\/span><\/a><a  class=\"mashicon-twitter mash-large mash-center mashsb-noshadow\" href=\"https:\/\/twitter.com\/intent\/tweet?text=&url=https:\/\/www.elibron.com\/catalog\/product\/die-inhalation-medikamentoser-flussigkeiten-und-ihre-verwertung-bei-krankheiten-der-athmungsorgane-zum-gebrauche-fur-arzte\/&via=ElibronBooks\" target=\"_blank\" rel=\"noopener nofollow\"><span class=\"icon\"><\/span><span class=\"text\">Tweet<\/span><\/a><div class=\"onoffswitch2 mash-large mashsb-noshadow\" style=\"display:none;\"><\/div><\/div>\r\n            <\/div>\r\n                <div style=\"clear:both;\"><\/div><div class=\"mashsb-toggle-container\"><\/div><\/aside>\r\n            <!-- Share buttons by mashshare.net - Version: 3.5.7-->","protected":false},"excerpt":{"rendered":"","protected":false},"featured_media":19902,"comment_status":"closed","ping_status":"open","template":"","meta":{"_acf_changed":false,"jetpack_post_was_ever_published":false,"jetpack_publicize_message":"","jetpack_publicize_feature_enabled":true,"jetpack_social_post_already_shared":false,"jetpack_social_options":{"image_generator_settings":{"template":"highway","enabled":false},"version":2}},"product_brand":[],"product_cat":[6,2396,2557],"product_tag":[178,1129],"class_list":{"0":"post-19901","1":"product","2":"type-product","3":"status-publish","4":"has-post-thumbnail","6":"product_cat-books","7":"product_cat-medicine-health-care-books","8":"product_cat-respiratory-therapy-books","9":"product_tag-medicine-health-care","10":"product_tag-respiratory-therapy","12":"first","13":"instock","14":"purchasable","15":"product-type-simple"},"jetpack_publicize_connections":[],"acf":[],"jetpack_sharing_enabled":true,"_links":{"self":[{"href":"https:\/\/www.elibron.com\/catalog\/wp-json\/wp\/v2\/product\/19901","targetHints":{"allow":["GET"]}}],"collection":[{"href":"https:\/\/www.elibron.com\/catalog\/wp-json\/wp\/v2\/product"}],"about":[{"href":"https:\/\/www.elibron.com\/catalog\/wp-json\/wp\/v2\/types\/product"}],"replies":[{"embeddable":true,"href":"https:\/\/www.elibron.com\/catalog\/wp-json\/wp\/v2\/comments?post=19901"}],"wp:featuredmedia":[{"embeddable":true,"href":"https:\/\/www.elibron.com\/catalog\/wp-json\/wp\/v2\/media\/19902"}],"wp:attachment":[{"href":"https:\/\/www.elibron.com\/catalog\/wp-json\/wp\/v2\/media?parent=19901"}],"wp:term":[{"taxonomy":"product_brand","embeddable":true,"href":"https:\/\/www.elibron.com\/catalog\/wp-json\/wp\/v2\/product_brand?post=19901"},{"taxonomy":"product_cat","embeddable":true,"href":"https:\/\/www.elibron.com\/catalog\/wp-json\/wp\/v2\/product_cat?post=19901"},{"taxonomy":"product_tag","embeddable":true,"href":"https:\/\/www.elibron.com\/catalog\/wp-json\/wp\/v2\/product_tag?post=19901"}],"curies":[{"name":"wp","href":"https:\/\/api.w.org\/{rel}","templated":true}]}}