{"id":19783,"date":"2017-04-03T15:10:43","date_gmt":"2017-04-03T15:10:43","guid":{"rendered":"https:\/\/www.elibron.com\/catalog\/product\/memoires-sur-diverses-antiquites-de-la-perse-et-sur-les-medailles-des-rois-de-la-dynastie-des-sassanides-suivis-de-lhistoire-de-cette-dynastie-traduite-du-persan-de-mirkhond\/"},"modified":"2017-04-06T05:14:12","modified_gmt":"2017-04-06T05:14:12","slug":"memoires-sur-diverses-antiquites-de-la-perse-et-sur-les-medailles-des-rois-de-la-dynastie-des-sassanides-suivis-de-lhistoire-de-cette-dynastie-traduite-du-persan-de-mirkhond","status":"publish","type":"product","link":"https:\/\/www.elibron.com\/catalog\/product\/memoires-sur-diverses-antiquites-de-la-perse-et-sur-les-medailles-des-rois-de-la-dynastie-des-sassanides-suivis-de-lhistoire-de-cette-dynastie-traduite-du-persan-de-mirkhond\/","title":{"rendered":"M\u00e9moires sur diverses antiquit\u00e9s de la Perse et sur les m\u00e9dailles des rois de la dynastie des Sassanides. Suivis de l&#8217;histoire de cette dynastie, traduite du persan de Mirkhond"},"content":{"rendered":"<aside class=\"mashsb-container mashsb-main mashsb-stretched\"><div class=\"mashsb-box\"><div class=\"mashsb-buttons\"><a  class=\"mashicon-facebook mash-large mash-center mashsb-noshadow\" href=\"https:\/\/www.facebook.com\/sharer.php?u=https%3A%2F%2Fwww.elibron.com%2Fcatalog%2Fproduct%2Fmemoires-sur-diverses-antiquites-de-la-perse-et-sur-les-medailles-des-rois-de-la-dynastie-des-sassanides-suivis-de-lhistoire-de-cette-dynastie-traduite-du-persan-de-mirkhond%2F\" target=\"_blank\" rel=\"noopener nofollow\"><span class=\"icon\"><\/span><span class=\"text\">Share<\/span><\/a><a  class=\"mashicon-twitter mash-large mash-center mashsb-noshadow\" href=\"https:\/\/twitter.com\/intent\/tweet?text=&url=https:\/\/www.elibron.com\/catalog\/product\/memoires-sur-diverses-antiquites-de-la-perse-et-sur-les-medailles-des-rois-de-la-dynastie-des-sassanides-suivis-de-lhistoire-de-cette-dynastie-traduite-du-persan-de-mirkhond\/&via=ElibronBooks\" target=\"_blank\" rel=\"noopener nofollow\"><span class=\"icon\"><\/span><span class=\"text\">Tweet<\/span><\/a><div class=\"onoffswitch2 mash-large mashsb-noshadow\" style=\"display:none;\"><\/div><\/div>\r\n            <\/div>\r\n                <div style=\"clear:both;\"><\/div><div class=\"mashsb-toggle-container\"><\/div><\/aside>\r\n            <!-- Share buttons by mashshare.net - Version: 3.5.7-->","protected":false},"excerpt":{"rendered":"","protected":false},"featured_media":19784,"comment_status":"closed","ping_status":"open","template":"","meta":{"_acf_changed":false,"jetpack_post_was_ever_published":false,"jetpack_publicize_message":"","jetpack_publicize_feature_enabled":true,"jetpack_social_post_already_shared":false,"jetpack_social_options":{"image_generator_settings":{"template":"highway","enabled":false},"version":2}},"product_brand":[],"product_cat":[2409,2456,2398,2419,6,2410,2355,2404],"product_tag":[214,375,182,237,236,74,203],"class_list":{"0":"post-19783","1":"product","2":"type-product","3":"status-publish","4":"has-post-thumbnail","6":"product_cat-ancient-history","7":"product_cat-antiques-collectibles","8":"product_cat-arts-entertainment-books","9":"product_cat-asia-books","10":"product_cat-books","11":"product_cat-general-books","12":"product_cat-history-books","13":"product_cat-middle-east-books","14":"product_tag-ancient-history","15":"product_tag-antiques-collectibles","16":"product_tag-arts-entertainment","17":"product_tag-asia","18":"product_tag-general","19":"product_tag-history","20":"product_tag-middle-east","22":"first","23":"instock","24":"purchasable","25":"product-type-simple"},"jetpack_publicize_connections":[],"acf":[],"jetpack_sharing_enabled":true,"_links":{"self":[{"href":"https:\/\/www.elibron.com\/catalog\/wp-json\/wp\/v2\/product\/19783","targetHints":{"allow":["GET"]}}],"collection":[{"href":"https:\/\/www.elibron.com\/catalog\/wp-json\/wp\/v2\/product"}],"about":[{"href":"https:\/\/www.elibron.com\/catalog\/wp-json\/wp\/v2\/types\/product"}],"replies":[{"embeddable":true,"href":"https:\/\/www.elibron.com\/catalog\/wp-json\/wp\/v2\/comments?post=19783"}],"wp:featuredmedia":[{"embeddable":true,"href":"https:\/\/www.elibron.com\/catalog\/wp-json\/wp\/v2\/media\/19784"}],"wp:attachment":[{"href":"https:\/\/www.elibron.com\/catalog\/wp-json\/wp\/v2\/media?parent=19783"}],"wp:term":[{"taxonomy":"product_brand","embeddable":true,"href":"https:\/\/www.elibron.com\/catalog\/wp-json\/wp\/v2\/product_brand?post=19783"},{"taxonomy":"product_cat","embeddable":true,"href":"https:\/\/www.elibron.com\/catalog\/wp-json\/wp\/v2\/product_cat?post=19783"},{"taxonomy":"product_tag","embeddable":true,"href":"https:\/\/www.elibron.com\/catalog\/wp-json\/wp\/v2\/product_tag?post=19783"}],"curies":[{"name":"wp","href":"https:\/\/api.w.org\/{rel}","templated":true}]}}