{"id":19711,"date":"2017-04-03T15:09:50","date_gmt":"2017-04-03T15:09:50","guid":{"rendered":"https:\/\/www.elibron.com\/catalog\/product\/description-de-la-grece-traduction-nouvelle-avec-le-texte-grec-collationne-sur-les-manuscrits-de-la-bibliotheque-du-roi-par-m-clavier-tome-3\/"},"modified":"2017-04-06T05:13:35","modified_gmt":"2017-04-06T05:13:35","slug":"description-de-la-grece-traduction-nouvelle-avec-le-texte-grec-collationne-sur-les-manuscrits-de-la-bibliotheque-du-roi-par-m-clavier-tome-3","status":"publish","type":"product","link":"https:\/\/www.elibron.com\/catalog\/product\/description-de-la-grece-traduction-nouvelle-avec-le-texte-grec-collationne-sur-les-manuscrits-de-la-bibliotheque-du-roi-par-m-clavier-tome-3\/","title":{"rendered":"Description de la Gr\u00e8ce. Traduction nouvelle avec le texte grec collationn\u00e9 sur les manuscrits de la biblioth\u00e8que du Roi, par M. Clavier. Tome 3"},"content":{"rendered":"<aside class=\"mashsb-container mashsb-main mashsb-stretched\"><div class=\"mashsb-box\"><div class=\"mashsb-buttons\"><a  class=\"mashicon-facebook mash-large mash-center mashsb-noshadow\" href=\"https:\/\/www.facebook.com\/sharer.php?u=https%3A%2F%2Fwww.elibron.com%2Fcatalog%2Fproduct%2Fdescription-de-la-grece-traduction-nouvelle-avec-le-texte-grec-collationne-sur-les-manuscrits-de-la-bibliotheque-du-roi-par-m-clavier-tome-3%2F\" target=\"_blank\" rel=\"noopener nofollow\"><span class=\"icon\"><\/span><span class=\"text\">Share<\/span><\/a><a  class=\"mashicon-twitter mash-large mash-center mashsb-noshadow\" href=\"https:\/\/twitter.com\/intent\/tweet?text=&url=https:\/\/www.elibron.com\/catalog\/product\/description-de-la-grece-traduction-nouvelle-avec-le-texte-grec-collationne-sur-les-manuscrits-de-la-bibliotheque-du-roi-par-m-clavier-tome-3\/&via=ElibronBooks\" target=\"_blank\" rel=\"noopener nofollow\"><span class=\"icon\"><\/span><span class=\"text\">Tweet<\/span><\/a><div class=\"onoffswitch2 mash-large mashsb-noshadow\" style=\"display:none;\"><\/div><\/div>\r\n            <\/div>\r\n                <div style=\"clear:both;\"><\/div><div class=\"mashsb-toggle-container\"><\/div><\/aside>\r\n            <!-- Share buttons by mashshare.net - Version: 3.5.7-->","protected":false},"excerpt":{"rendered":"","protected":false},"featured_media":19712,"comment_status":"closed","ping_status":"open","template":"","meta":{"_acf_changed":false,"jetpack_post_was_ever_published":false,"jetpack_publicize_message":"","jetpack_publicize_feature_enabled":true,"jetpack_social_post_already_shared":false,"jetpack_social_options":{"image_generator_settings":{"template":"highway","enabled":false},"version":2}},"product_brand":[],"product_cat":[2503,2409,6,2358,2410,2418,2355,2381,2365,2357,2359],"product_tag":[677,214,76,236,233,74,134,91,193,77],"class_list":{"0":"post-19711","1":"product","2":"type-product","3":"status-publish","4":"has-post-thumbnail","6":"product_cat-ancient-greek-and-roman","7":"product_cat-ancient-history","8":"product_cat-books","9":"product_cat-countries-maps-books","10":"product_cat-general-books","11":"product_cat-geography-books","12":"product_cat-history-books","13":"product_cat-religions-spirituality-books","14":"product_cat-sciences-books","15":"product_cat-travel-books","16":"product_cat-travel-guides-books","17":"product_tag-ancient-greek-and-roman","18":"product_tag-ancient-history","19":"product_tag-countries-maps","20":"product_tag-general","21":"product_tag-geography","22":"product_tag-history","23":"product_tag-religions-spirituality","24":"product_tag-sciences","25":"product_tag-travel","26":"product_tag-travel-guides","28":"first","29":"instock","30":"purchasable","31":"product-type-simple"},"jetpack_publicize_connections":[],"acf":[],"jetpack_sharing_enabled":true,"_links":{"self":[{"href":"https:\/\/www.elibron.com\/catalog\/wp-json\/wp\/v2\/product\/19711","targetHints":{"allow":["GET"]}}],"collection":[{"href":"https:\/\/www.elibron.com\/catalog\/wp-json\/wp\/v2\/product"}],"about":[{"href":"https:\/\/www.elibron.com\/catalog\/wp-json\/wp\/v2\/types\/product"}],"replies":[{"embeddable":true,"href":"https:\/\/www.elibron.com\/catalog\/wp-json\/wp\/v2\/comments?post=19711"}],"wp:featuredmedia":[{"embeddable":true,"href":"https:\/\/www.elibron.com\/catalog\/wp-json\/wp\/v2\/media\/19712"}],"wp:attachment":[{"href":"https:\/\/www.elibron.com\/catalog\/wp-json\/wp\/v2\/media?parent=19711"}],"wp:term":[{"taxonomy":"product_brand","embeddable":true,"href":"https:\/\/www.elibron.com\/catalog\/wp-json\/wp\/v2\/product_brand?post=19711"},{"taxonomy":"product_cat","embeddable":true,"href":"https:\/\/www.elibron.com\/catalog\/wp-json\/wp\/v2\/product_cat?post=19711"},{"taxonomy":"product_tag","embeddable":true,"href":"https:\/\/www.elibron.com\/catalog\/wp-json\/wp\/v2\/product_tag?post=19711"}],"curies":[{"name":"wp","href":"https:\/\/api.w.org\/{rel}","templated":true}]}}