{"id":19301,"date":"2017-04-03T15:03:21","date_gmt":"2017-04-03T15:03:21","guid":{"rendered":"https:\/\/www.elibron.com\/catalog\/product\/%c2%8cuvres-de-m-de-bovet-tome-i-lhistoire-des-derniers-pharaons-et-des-premiers-rois-de-perse-selon-herodote-tiree-des-livres-prophetiques-et-du-livre-desther-i\/"},"modified":"2017-04-06T05:09:35","modified_gmt":"2017-04-06T05:09:35","slug":"%c2%8cuvres-de-m-de-bovet-tome-i-lhistoire-des-derniers-pharaons-et-des-premiers-rois-de-perse-selon-herodote-tiree-des-livres-prophetiques-et-du-livre-desther-i","status":"publish","type":"product","link":"https:\/\/www.elibron.com\/catalog\/product\/%c2%8cuvres-de-m-de-bovet-tome-i-lhistoire-des-derniers-pharaons-et-des-premiers-rois-de-perse-selon-herodote-tiree-des-livres-prophetiques-et-du-livre-desther-i\/","title":{"rendered":"Oeuvres de M. De Bovet. Tome I: L&#8217;histoire des derniers pharaons et des premiers rois de Perse, selon H\u00e9rodote, tir\u00e9e des livres proph\u00e9tiques et du Livre d&#8217;Esther. I"},"content":{"rendered":"<aside class=\"mashsb-container mashsb-main mashsb-stretched\"><div class=\"mashsb-box\"><div class=\"mashsb-buttons\"><a  class=\"mashicon-facebook mash-large mash-center mashsb-noshadow\" href=\"https:\/\/www.facebook.com\/sharer.php?u=https%3A%2F%2Fwww.elibron.com%2Fcatalog%2Fproduct%2F%25c2%258cuvres-de-m-de-bovet-tome-i-lhistoire-des-derniers-pharaons-et-des-premiers-rois-de-perse-selon-herodote-tiree-des-livres-prophetiques-et-du-livre-desther-i%2F\" target=\"_blank\" rel=\"noopener nofollow\"><span class=\"icon\"><\/span><span class=\"text\">Share<\/span><\/a><a  class=\"mashicon-twitter mash-large mash-center mashsb-noshadow\" href=\"https:\/\/twitter.com\/intent\/tweet?text=&url=https:\/\/www.elibron.com\/catalog\/product\/%c2%8cuvres-de-m-de-bovet-tome-i-lhistoire-des-derniers-pharaons-et-des-premiers-rois-de-perse-selon-herodote-tiree-des-livres-prophetiques-et-du-livre-desther-i\/&via=ElibronBooks\" target=\"_blank\" rel=\"noopener nofollow\"><span class=\"icon\"><\/span><span class=\"text\">Tweet<\/span><\/a><div class=\"onoffswitch2 mash-large mashsb-noshadow\" style=\"display:none;\"><\/div><\/div>\r\n            <\/div>\r\n                <div style=\"clear:both;\"><\/div><div class=\"mashsb-toggle-container\"><\/div><\/aside>\r\n            <!-- Share buttons by mashshare.net - Version: 3.5.7-->","protected":false},"excerpt":{"rendered":"","protected":false},"featured_media":19302,"comment_status":"closed","ping_status":"open","template":"","meta":{"_acf_changed":false,"jetpack_post_was_ever_published":false,"jetpack_publicize_message":"","jetpack_publicize_feature_enabled":true,"jetpack_social_post_already_shared":false,"jetpack_social_options":{"image_generator_settings":{"template":"highway","enabled":false},"version":2}},"product_brand":[],"product_cat":[2430,2409,6,2410,2355,2404],"product_tag":[270,214,236,74,203],"class_list":{"0":"post-19301","1":"product","2":"type-product","3":"status-publish","4":"has-post-thumbnail","6":"product_cat-africa","7":"product_cat-ancient-history","8":"product_cat-books","9":"product_cat-general-books","10":"product_cat-history-books","11":"product_cat-middle-east-books","12":"product_tag-africa","13":"product_tag-ancient-history","14":"product_tag-general","15":"product_tag-history","16":"product_tag-middle-east","18":"first","19":"instock","20":"purchasable","21":"product-type-simple"},"jetpack_publicize_connections":[],"acf":[],"jetpack_sharing_enabled":true,"_links":{"self":[{"href":"https:\/\/www.elibron.com\/catalog\/wp-json\/wp\/v2\/product\/19301","targetHints":{"allow":["GET"]}}],"collection":[{"href":"https:\/\/www.elibron.com\/catalog\/wp-json\/wp\/v2\/product"}],"about":[{"href":"https:\/\/www.elibron.com\/catalog\/wp-json\/wp\/v2\/types\/product"}],"replies":[{"embeddable":true,"href":"https:\/\/www.elibron.com\/catalog\/wp-json\/wp\/v2\/comments?post=19301"}],"wp:featuredmedia":[{"embeddable":true,"href":"https:\/\/www.elibron.com\/catalog\/wp-json\/wp\/v2\/media\/19302"}],"wp:attachment":[{"href":"https:\/\/www.elibron.com\/catalog\/wp-json\/wp\/v2\/media?parent=19301"}],"wp:term":[{"taxonomy":"product_brand","embeddable":true,"href":"https:\/\/www.elibron.com\/catalog\/wp-json\/wp\/v2\/product_brand?post=19301"},{"taxonomy":"product_cat","embeddable":true,"href":"https:\/\/www.elibron.com\/catalog\/wp-json\/wp\/v2\/product_cat?post=19301"},{"taxonomy":"product_tag","embeddable":true,"href":"https:\/\/www.elibron.com\/catalog\/wp-json\/wp\/v2\/product_tag?post=19301"}],"curies":[{"name":"wp","href":"https:\/\/api.w.org\/{rel}","templated":true}]}}