{"id":19047,"date":"2017-04-03T14:59:19","date_gmt":"2017-04-03T14:59:19","guid":{"rendered":"https:\/\/www.elibron.com\/catalog\/product\/physiologie-du-gout-ou-meditations-de-gastronomie-transcendante-ouvrage-theorique-historique-et-a-lordre-du-jour-suivi-de-la-gastronomie-poeme-en-quatre-chants-par-berchoux\/"},"modified":"2017-04-06T05:07:15","modified_gmt":"2017-04-06T05:07:15","slug":"physiologie-du-gout-ou-meditations-de-gastronomie-transcendante-ouvrage-theorique-historique-et-a-lordre-du-jour-suivi-de-la-gastronomie-poeme-en-quatre-chants-par-berchoux","status":"publish","type":"product","link":"https:\/\/www.elibron.com\/catalog\/product\/physiologie-du-gout-ou-meditations-de-gastronomie-transcendante-ouvrage-theorique-historique-et-a-lordre-du-jour-suivi-de-la-gastronomie-poeme-en-quatre-chants-par-berchoux\/","title":{"rendered":"Physiologie du go\u00fbt, ou m\u00e9ditations de gastronomie transcendante. Ouvrage th\u00e9orique, historique et \u00e0 l&#8217;ordre du jour.., suivi de La Gastronomie, po\u00e8me en quatre chants, par Berchoux"},"content":{"rendered":"<aside class=\"mashsb-container mashsb-main mashsb-stretched\"><div class=\"mashsb-box\"><div class=\"mashsb-buttons\"><a  class=\"mashicon-facebook mash-large mash-center mashsb-noshadow\" href=\"https:\/\/www.facebook.com\/sharer.php?u=https%3A%2F%2Fwww.elibron.com%2Fcatalog%2Fproduct%2Fphysiologie-du-gout-ou-meditations-de-gastronomie-transcendante-ouvrage-theorique-historique-et-a-lordre-du-jour-suivi-de-la-gastronomie-poeme-en-quatre-chants-par-berchoux%2F\" target=\"_blank\" rel=\"noopener nofollow\"><span class=\"icon\"><\/span><span class=\"text\">Share<\/span><\/a><a  class=\"mashicon-twitter mash-large mash-center mashsb-noshadow\" href=\"https:\/\/twitter.com\/intent\/tweet?text=&url=https:\/\/www.elibron.com\/catalog\/product\/physiologie-du-gout-ou-meditations-de-gastronomie-transcendante-ouvrage-theorique-historique-et-a-lordre-du-jour-suivi-de-la-gastronomie-poeme-en-quatre-chants-par-berchoux\/&via=ElibronBooks\" target=\"_blank\" rel=\"noopener nofollow\"><span class=\"icon\"><\/span><span class=\"text\">Tweet<\/span><\/a><div class=\"onoffswitch2 mash-large mashsb-noshadow\" style=\"display:none;\"><\/div><\/div>\r\n            <\/div>\r\n                <div style=\"clear:both;\"><\/div><div class=\"mashsb-toggle-container\"><\/div><\/aside>\r\n            <!-- Share buttons by mashshare.net - Version: 3.5.7-->","protected":false},"excerpt":{"rendered":"","protected":false},"featured_media":19048,"comment_status":"closed","ping_status":"open","template":"","meta":{"_acf_changed":false,"jetpack_post_was_ever_published":false,"jetpack_publicize_message":"","jetpack_publicize_feature_enabled":true,"jetpack_social_post_already_shared":false,"jetpack_social_options":{"image_generator_settings":{"template":"highway","enabled":false},"version":2}},"product_brand":[],"product_cat":[6,2472,2473,2350,2372,2332,2474],"product_tag":[451,452,62,110,8,453],"class_list":{"0":"post-19047","1":"product","2":"type-product","3":"status-publish","4":"has-post-thumbnail","6":"product_cat-books","7":"product_cat-cooking-books","8":"product_cat-food-books","9":"product_cat-humor-satire-books","10":"product_cat-life-family-books","11":"product_cat-novels-short-fiction-books","12":"product_cat-wine-beverages-books","13":"product_tag-cooking","14":"product_tag-food","15":"product_tag-humor-satire","16":"product_tag-life-family","17":"product_tag-novels-short-fiction","18":"product_tag-wine-beverages","20":"first","21":"instock","22":"purchasable","23":"product-type-simple"},"jetpack_publicize_connections":[],"acf":[],"jetpack_sharing_enabled":true,"_links":{"self":[{"href":"https:\/\/www.elibron.com\/catalog\/wp-json\/wp\/v2\/product\/19047","targetHints":{"allow":["GET"]}}],"collection":[{"href":"https:\/\/www.elibron.com\/catalog\/wp-json\/wp\/v2\/product"}],"about":[{"href":"https:\/\/www.elibron.com\/catalog\/wp-json\/wp\/v2\/types\/product"}],"replies":[{"embeddable":true,"href":"https:\/\/www.elibron.com\/catalog\/wp-json\/wp\/v2\/comments?post=19047"}],"wp:featuredmedia":[{"embeddable":true,"href":"https:\/\/www.elibron.com\/catalog\/wp-json\/wp\/v2\/media\/19048"}],"wp:attachment":[{"href":"https:\/\/www.elibron.com\/catalog\/wp-json\/wp\/v2\/media?parent=19047"}],"wp:term":[{"taxonomy":"product_brand","embeddable":true,"href":"https:\/\/www.elibron.com\/catalog\/wp-json\/wp\/v2\/product_brand?post=19047"},{"taxonomy":"product_cat","embeddable":true,"href":"https:\/\/www.elibron.com\/catalog\/wp-json\/wp\/v2\/product_cat?post=19047"},{"taxonomy":"product_tag","embeddable":true,"href":"https:\/\/www.elibron.com\/catalog\/wp-json\/wp\/v2\/product_tag?post=19047"}],"curies":[{"name":"wp","href":"https:\/\/api.w.org\/{rel}","templated":true}]}}