{"id":18605,"date":"2017-04-03T14:52:34","date_gmt":"2017-04-03T14:52:34","guid":{"rendered":"https:\/\/www.elibron.com\/catalog\/product\/die-geschichte-der-padagogik-in-weltgeschichtlicher-entwicklung-und-im-organischen-zusammenhange-mit-dem-culturleben-der-volker-band-ii-die-geschichte-der-padagogik-von-christus-bis-zur-reformation\/"},"modified":"2017-04-06T05:03:17","modified_gmt":"2017-04-06T05:03:17","slug":"die-geschichte-der-padagogik-in-weltgeschichtlicher-entwicklung-und-im-organischen-zusammenhange-mit-dem-culturleben-der-volker-band-ii-die-geschichte-der-padagogik-von-christus-bis-zur-reformation","status":"publish","type":"product","link":"https:\/\/www.elibron.com\/catalog\/product\/die-geschichte-der-padagogik-in-weltgeschichtlicher-entwicklung-und-im-organischen-zusammenhange-mit-dem-culturleben-der-volker-band-ii-die-geschichte-der-padagogik-von-christus-bis-zur-reformation\/","title":{"rendered":"Die Geschichte der P\u00e4dagogik in weltgeschichtlicher Entwicklung und im organischen Zusammenhange mit dem Culturleben der V\u00f6lker. Band II. Die Geschichte der P\u00e4dagogik von Christus bis zur Reformation"},"content":{"rendered":"<aside class=\"mashsb-container mashsb-main mashsb-stretched\"><div class=\"mashsb-box\"><div class=\"mashsb-buttons\"><a  class=\"mashicon-facebook mash-large mash-center mashsb-noshadow\" href=\"https:\/\/www.facebook.com\/sharer.php?u=https%3A%2F%2Fwww.elibron.com%2Fcatalog%2Fproduct%2Fdie-geschichte-der-padagogik-in-weltgeschichtlicher-entwicklung-und-im-organischen-zusammenhange-mit-dem-culturleben-der-volker-band-ii-die-geschichte-der-padagogik-von-christus-bis-zur-reformation%2F\" target=\"_blank\" rel=\"noopener nofollow\"><span class=\"icon\"><\/span><span class=\"text\">Share<\/span><\/a><a  class=\"mashicon-twitter mash-large mash-center mashsb-noshadow\" href=\"https:\/\/twitter.com\/intent\/tweet?text=&url=https:\/\/www.elibron.com\/catalog\/product\/die-geschichte-der-padagogik-in-weltgeschichtlicher-entwicklung-und-im-organischen-zusammenhange-mit-dem-culturleben-der-volker-band-ii-die-geschichte-der-padagogik-von-christus-bis-zur-reformation\/&via=ElibronBooks\" target=\"_blank\" rel=\"noopener nofollow\"><span class=\"icon\"><\/span><span class=\"text\">Tweet<\/span><\/a><div class=\"onoffswitch2 mash-large mashsb-noshadow\" style=\"display:none;\"><\/div><\/div>\r\n            <\/div>\r\n                <div style=\"clear:both;\"><\/div><div class=\"mashsb-toggle-container\"><\/div><\/aside>\r\n            <!-- Share buttons by mashshare.net - Version: 3.5.7-->","protected":false},"excerpt":{"rendered":"","protected":false},"featured_media":18606,"comment_status":"closed","ping_status":"open","template":"","meta":{"_acf_changed":false,"jetpack_post_was_ever_published":false,"jetpack_publicize_message":"","jetpack_publicize_feature_enabled":true,"jetpack_social_post_already_shared":false,"jetpack_social_options":{"image_generator_settings":{"template":"highway","enabled":false},"version":2}},"product_brand":[],"product_cat":[6,2407,2432],"product_tag":[284,497],"class_list":{"0":"post-18605","1":"product","2":"type-product","3":"status-publish","4":"has-post-thumbnail","6":"product_cat-books","7":"product_cat-education-books","8":"product_cat-schools-books","9":"product_tag-education","10":"product_tag-schools","12":"first","13":"instock","14":"purchasable","15":"product-type-simple"},"jetpack_publicize_connections":[],"acf":[],"jetpack_sharing_enabled":true,"_links":{"self":[{"href":"https:\/\/www.elibron.com\/catalog\/wp-json\/wp\/v2\/product\/18605","targetHints":{"allow":["GET"]}}],"collection":[{"href":"https:\/\/www.elibron.com\/catalog\/wp-json\/wp\/v2\/product"}],"about":[{"href":"https:\/\/www.elibron.com\/catalog\/wp-json\/wp\/v2\/types\/product"}],"replies":[{"embeddable":true,"href":"https:\/\/www.elibron.com\/catalog\/wp-json\/wp\/v2\/comments?post=18605"}],"wp:featuredmedia":[{"embeddable":true,"href":"https:\/\/www.elibron.com\/catalog\/wp-json\/wp\/v2\/media\/18606"}],"wp:attachment":[{"href":"https:\/\/www.elibron.com\/catalog\/wp-json\/wp\/v2\/media?parent=18605"}],"wp:term":[{"taxonomy":"product_brand","embeddable":true,"href":"https:\/\/www.elibron.com\/catalog\/wp-json\/wp\/v2\/product_brand?post=18605"},{"taxonomy":"product_cat","embeddable":true,"href":"https:\/\/www.elibron.com\/catalog\/wp-json\/wp\/v2\/product_cat?post=18605"},{"taxonomy":"product_tag","embeddable":true,"href":"https:\/\/www.elibron.com\/catalog\/wp-json\/wp\/v2\/product_tag?post=18605"}],"curies":[{"name":"wp","href":"https:\/\/api.w.org\/{rel}","templated":true}]}}