{"id":18513,"date":"2017-04-03T14:51:23","date_gmt":"2017-04-03T14:51:23","guid":{"rendered":"https:\/\/www.elibron.com\/catalog\/product\/nouvelle-relation-de-lafrique-occidentale-contenant-une-description-exacte-du-senegal-et-des-pays-situes-entre-le-cap-blanc-et-la-riviere-de-serrelionne-etc-ouvrage-enrichi-de-cartes-tome-4\/"},"modified":"2017-04-06T05:02:25","modified_gmt":"2017-04-06T05:02:25","slug":"nouvelle-relation-de-lafrique-occidentale-contenant-une-description-exacte-du-senegal-et-des-pays-situes-entre-le-cap-blanc-et-la-riviere-de-serrelionne-etc-ouvrage-enrichi-de-cartes-tome-4","status":"publish","type":"product","link":"https:\/\/www.elibron.com\/catalog\/product\/nouvelle-relation-de-lafrique-occidentale-contenant-une-description-exacte-du-senegal-et-des-pays-situes-entre-le-cap-blanc-et-la-riviere-de-serrelionne-etc-ouvrage-enrichi-de-cartes-tome-4\/","title":{"rendered":"Nouvelle relation de l&#8217;Afrique Occidentale. Contenant une description exacte du S\u00e9n\u00e9gal et des Pays situ\u00e9s entre le Cap-Blanc et la Rivi\u00e8re de Serrelionne, etc. Ouvrage enrichi de cartes. Tome 4"},"content":{"rendered":"<aside class=\"mashsb-container mashsb-main mashsb-stretched\"><div class=\"mashsb-box\"><div class=\"mashsb-buttons\"><a  class=\"mashicon-facebook mash-large mash-center mashsb-noshadow\" href=\"https:\/\/www.facebook.com\/sharer.php?u=https%3A%2F%2Fwww.elibron.com%2Fcatalog%2Fproduct%2Fnouvelle-relation-de-lafrique-occidentale-contenant-une-description-exacte-du-senegal-et-des-pays-situes-entre-le-cap-blanc-et-la-riviere-de-serrelionne-etc-ouvrage-enrichi-de-cartes-tome-4%2F\" target=\"_blank\" rel=\"noopener nofollow\"><span class=\"icon\"><\/span><span class=\"text\">Share<\/span><\/a><a  class=\"mashicon-twitter mash-large mash-center mashsb-noshadow\" href=\"https:\/\/twitter.com\/intent\/tweet?text=&url=https:\/\/www.elibron.com\/catalog\/product\/nouvelle-relation-de-lafrique-occidentale-contenant-une-description-exacte-du-senegal-et-des-pays-situes-entre-le-cap-blanc-et-la-riviere-de-serrelionne-etc-ouvrage-enrichi-de-cartes-tome-4\/&via=ElibronBooks\" target=\"_blank\" rel=\"noopener nofollow\"><span class=\"icon\"><\/span><span class=\"text\">Tweet<\/span><\/a><div class=\"onoffswitch2 mash-large mashsb-noshadow\" style=\"display:none;\"><\/div><\/div>\r\n            <\/div>\r\n                <div style=\"clear:both;\"><\/div><div class=\"mashsb-toggle-container\"><\/div><\/aside>\r\n            <!-- Share buttons by mashshare.net - Version: 3.5.7-->","protected":false},"excerpt":{"rendered":"","protected":false},"featured_media":18514,"comment_status":"closed","ping_status":"open","template":"","meta":{"_acf_changed":false,"jetpack_post_was_ever_published":false,"jetpack_publicize_message":"","jetpack_publicize_feature_enabled":true,"jetpack_social_post_already_shared":false,"jetpack_social_options":{"image_generator_settings":{"template":"highway","enabled":false},"version":2}},"product_brand":[],"product_cat":[6,2358,2357,2359],"product_tag":[76,193,77],"class_list":{"0":"post-18513","1":"product","2":"type-product","3":"status-publish","4":"has-post-thumbnail","6":"product_cat-books","7":"product_cat-countries-maps-books","8":"product_cat-travel-books","9":"product_cat-travel-guides-books","10":"product_tag-countries-maps","11":"product_tag-travel","12":"product_tag-travel-guides","14":"first","15":"instock","16":"purchasable","17":"product-type-simple"},"jetpack_publicize_connections":[],"acf":[],"jetpack_sharing_enabled":true,"_links":{"self":[{"href":"https:\/\/www.elibron.com\/catalog\/wp-json\/wp\/v2\/product\/18513","targetHints":{"allow":["GET"]}}],"collection":[{"href":"https:\/\/www.elibron.com\/catalog\/wp-json\/wp\/v2\/product"}],"about":[{"href":"https:\/\/www.elibron.com\/catalog\/wp-json\/wp\/v2\/types\/product"}],"replies":[{"embeddable":true,"href":"https:\/\/www.elibron.com\/catalog\/wp-json\/wp\/v2\/comments?post=18513"}],"wp:featuredmedia":[{"embeddable":true,"href":"https:\/\/www.elibron.com\/catalog\/wp-json\/wp\/v2\/media\/18514"}],"wp:attachment":[{"href":"https:\/\/www.elibron.com\/catalog\/wp-json\/wp\/v2\/media?parent=18513"}],"wp:term":[{"taxonomy":"product_brand","embeddable":true,"href":"https:\/\/www.elibron.com\/catalog\/wp-json\/wp\/v2\/product_brand?post=18513"},{"taxonomy":"product_cat","embeddable":true,"href":"https:\/\/www.elibron.com\/catalog\/wp-json\/wp\/v2\/product_cat?post=18513"},{"taxonomy":"product_tag","embeddable":true,"href":"https:\/\/www.elibron.com\/catalog\/wp-json\/wp\/v2\/product_tag?post=18513"}],"curies":[{"name":"wp","href":"https:\/\/api.w.org\/{rel}","templated":true}]}}