{"id":17619,"date":"2017-04-03T14:37:35","date_gmt":"2017-04-03T14:37:35","guid":{"rendered":"https:\/\/www.elibron.com\/catalog\/product\/culture-du-poirier-comprenant-la-plantation-la-taille-la-mise-a-fruit-et-la-description-abregee-des-cent-meilleures-poires\/"},"modified":"2017-04-06T04:54:10","modified_gmt":"2017-04-06T04:54:10","slug":"culture-du-poirier-comprenant-la-plantation-la-taille-la-mise-a-fruit-et-la-description-abregee-des-cent-meilleures-poires","status":"publish","type":"product","link":"https:\/\/www.elibron.com\/catalog\/product\/culture-du-poirier-comprenant-la-plantation-la-taille-la-mise-a-fruit-et-la-description-abregee-des-cent-meilleures-poires\/","title":{"rendered":"Culture du poirier. Comprenant la plantation, la taille, la mise \u00e0 fruit et la description abr\u00e9g\u00e9e des cent meilleures poires"},"content":{"rendered":"<aside class=\"mashsb-container mashsb-main mashsb-stretched\"><div class=\"mashsb-box\"><div class=\"mashsb-buttons\"><a  class=\"mashicon-facebook mash-large mash-center mashsb-noshadow\" href=\"https:\/\/www.facebook.com\/sharer.php?u=https%3A%2F%2Fwww.elibron.com%2Fcatalog%2Fproduct%2Fculture-du-poirier-comprenant-la-plantation-la-taille-la-mise-a-fruit-et-la-description-abregee-des-cent-meilleures-poires%2F\" target=\"_blank\" rel=\"noopener nofollow\"><span class=\"icon\"><\/span><span class=\"text\">Share<\/span><\/a><a  class=\"mashicon-twitter mash-large mash-center mashsb-noshadow\" href=\"https:\/\/twitter.com\/intent\/tweet?text=&url=https:\/\/www.elibron.com\/catalog\/product\/culture-du-poirier-comprenant-la-plantation-la-taille-la-mise-a-fruit-et-la-description-abregee-des-cent-meilleures-poires\/&via=ElibronBooks\" target=\"_blank\" rel=\"noopener nofollow\"><span class=\"icon\"><\/span><span class=\"text\">Tweet<\/span><\/a><div class=\"onoffswitch2 mash-large mashsb-noshadow\" style=\"display:none;\"><\/div><\/div>\r\n            <\/div>\r\n                <div style=\"clear:both;\"><\/div><div class=\"mashsb-toggle-container\"><\/div><\/aside>\r\n            <!-- Share buttons by mashshare.net - Version: 3.5.7-->","protected":false},"excerpt":{"rendered":"","protected":false},"featured_media":17620,"comment_status":"closed","ping_status":"open","template":"","meta":{"_acf_changed":false,"jetpack_post_was_ever_published":false,"jetpack_publicize_message":"","jetpack_publicize_feature_enabled":true,"jetpack_social_post_already_shared":false,"jetpack_social_options":{"image_generator_settings":{"template":"highway","enabled":false},"version":2}},"product_brand":[],"product_cat":[2535,6,2365],"product_tag":[955,91],"class_list":{"0":"post-17619","1":"product","2":"type-product","3":"status-publish","4":"has-post-thumbnail","6":"product_cat-agricultural-science","7":"product_cat-books","8":"product_cat-sciences-books","9":"product_tag-agricultural-science","10":"product_tag-sciences","12":"first","13":"instock","14":"purchasable","15":"product-type-simple"},"jetpack_publicize_connections":[],"acf":[],"jetpack_sharing_enabled":true,"_links":{"self":[{"href":"https:\/\/www.elibron.com\/catalog\/wp-json\/wp\/v2\/product\/17619","targetHints":{"allow":["GET"]}}],"collection":[{"href":"https:\/\/www.elibron.com\/catalog\/wp-json\/wp\/v2\/product"}],"about":[{"href":"https:\/\/www.elibron.com\/catalog\/wp-json\/wp\/v2\/types\/product"}],"replies":[{"embeddable":true,"href":"https:\/\/www.elibron.com\/catalog\/wp-json\/wp\/v2\/comments?post=17619"}],"wp:featuredmedia":[{"embeddable":true,"href":"https:\/\/www.elibron.com\/catalog\/wp-json\/wp\/v2\/media\/17620"}],"wp:attachment":[{"href":"https:\/\/www.elibron.com\/catalog\/wp-json\/wp\/v2\/media?parent=17619"}],"wp:term":[{"taxonomy":"product_brand","embeddable":true,"href":"https:\/\/www.elibron.com\/catalog\/wp-json\/wp\/v2\/product_brand?post=17619"},{"taxonomy":"product_cat","embeddable":true,"href":"https:\/\/www.elibron.com\/catalog\/wp-json\/wp\/v2\/product_cat?post=17619"},{"taxonomy":"product_tag","embeddable":true,"href":"https:\/\/www.elibron.com\/catalog\/wp-json\/wp\/v2\/product_tag?post=17619"}],"curies":[{"name":"wp","href":"https:\/\/api.w.org\/{rel}","templated":true}]}}