{"id":17613,"date":"2017-04-03T14:37:35","date_gmt":"2017-04-03T14:37:35","guid":{"rendered":"https:\/\/www.elibron.com\/catalog\/product\/lextreme-orient-au-moyen-age-dapres-les-manuscrits-dun-flamand-de-belgique-moine-de-saint-bertin-a-saint-omer-et-dun-prince-darmenie-moine-de-premontre-a-poitiers\/"},"modified":"2017-04-06T04:54:07","modified_gmt":"2017-04-06T04:54:07","slug":"lextreme-orient-au-moyen-age-dapres-les-manuscrits-dun-flamand-de-belgique-moine-de-saint-bertin-a-saint-omer-et-dun-prince-darmenie-moine-de-premontre-a-poitiers","status":"publish","type":"product","link":"https:\/\/www.elibron.com\/catalog\/product\/lextreme-orient-au-moyen-age-dapres-les-manuscrits-dun-flamand-de-belgique-moine-de-saint-bertin-a-saint-omer-et-dun-prince-darmenie-moine-de-premontre-a-poitiers\/","title":{"rendered":"L&#8217;\u00e9xtr\u00eame Orient au moyen-\u00e2ge d&#8217;apr\u00e8s les manuscrits d&#8217;un Flamand de Belgique, moine de Saint-Bertin \u00e0 Saint-Omer et d&#8217;un prince d&#8217;Arm\u00e9nie moine de Pr\u00e9montr\u00e9 \u00e0 Poitiers"},"content":{"rendered":"<aside class=\"mashsb-container mashsb-main mashsb-stretched\"><div class=\"mashsb-box\"><div class=\"mashsb-buttons\"><a  class=\"mashicon-facebook mash-large mash-center mashsb-noshadow\" href=\"https:\/\/www.facebook.com\/sharer.php?u=https%3A%2F%2Fwww.elibron.com%2Fcatalog%2Fproduct%2Flextreme-orient-au-moyen-age-dapres-les-manuscrits-dun-flamand-de-belgique-moine-de-saint-bertin-a-saint-omer-et-dun-prince-darmenie-moine-de-premontre-a-poitiers%2F\" target=\"_blank\" rel=\"noopener nofollow\"><span class=\"icon\"><\/span><span class=\"text\">Share<\/span><\/a><a  class=\"mashicon-twitter mash-large mash-center mashsb-noshadow\" href=\"https:\/\/twitter.com\/intent\/tweet?text=&url=https:\/\/www.elibron.com\/catalog\/product\/lextreme-orient-au-moyen-age-dapres-les-manuscrits-dun-flamand-de-belgique-moine-de-saint-bertin-a-saint-omer-et-dun-prince-darmenie-moine-de-premontre-a-poitiers\/&via=ElibronBooks\" target=\"_blank\" rel=\"noopener nofollow\"><span class=\"icon\"><\/span><span class=\"text\">Tweet<\/span><\/a><div class=\"onoffswitch2 mash-large mashsb-noshadow\" style=\"display:none;\"><\/div><\/div>\r\n            <\/div>\r\n                <div style=\"clear:both;\"><\/div><div class=\"mashsb-toggle-container\"><\/div><\/aside>\r\n            <!-- Share buttons by mashshare.net - Version: 3.5.7-->","protected":false},"excerpt":{"rendered":"","protected":false},"featured_media":17614,"comment_status":"closed","ping_status":"open","template":"","meta":{"_acf_changed":false,"jetpack_post_was_ever_published":false,"jetpack_publicize_message":"","jetpack_publicize_feature_enabled":true,"jetpack_social_post_already_shared":false,"jetpack_social_options":{"image_generator_settings":{"template":"highway","enabled":false},"version":2}},"product_brand":[],"product_cat":[6,2355,2404],"product_tag":[74,203],"class_list":{"0":"post-17613","1":"product","2":"type-product","3":"status-publish","4":"has-post-thumbnail","6":"product_cat-books","7":"product_cat-history-books","8":"product_cat-middle-east-books","9":"product_tag-history","10":"product_tag-middle-east","12":"first","13":"instock","14":"purchasable","15":"product-type-simple"},"jetpack_publicize_connections":[],"acf":[],"jetpack_sharing_enabled":true,"_links":{"self":[{"href":"https:\/\/www.elibron.com\/catalog\/wp-json\/wp\/v2\/product\/17613","targetHints":{"allow":["GET"]}}],"collection":[{"href":"https:\/\/www.elibron.com\/catalog\/wp-json\/wp\/v2\/product"}],"about":[{"href":"https:\/\/www.elibron.com\/catalog\/wp-json\/wp\/v2\/types\/product"}],"replies":[{"embeddable":true,"href":"https:\/\/www.elibron.com\/catalog\/wp-json\/wp\/v2\/comments?post=17613"}],"wp:featuredmedia":[{"embeddable":true,"href":"https:\/\/www.elibron.com\/catalog\/wp-json\/wp\/v2\/media\/17614"}],"wp:attachment":[{"href":"https:\/\/www.elibron.com\/catalog\/wp-json\/wp\/v2\/media?parent=17613"}],"wp:term":[{"taxonomy":"product_brand","embeddable":true,"href":"https:\/\/www.elibron.com\/catalog\/wp-json\/wp\/v2\/product_brand?post=17613"},{"taxonomy":"product_cat","embeddable":true,"href":"https:\/\/www.elibron.com\/catalog\/wp-json\/wp\/v2\/product_cat?post=17613"},{"taxonomy":"product_tag","embeddable":true,"href":"https:\/\/www.elibron.com\/catalog\/wp-json\/wp\/v2\/product_tag?post=17613"}],"curies":[{"name":"wp","href":"https:\/\/api.w.org\/{rel}","templated":true}]}}