{"id":16267,"date":"2017-04-03T14:16:08","date_gmt":"2017-04-03T14:16:08","guid":{"rendered":"https:\/\/www.elibron.com\/catalog\/product\/annuaire-genealogique-des-maisons-souveraines-en-europe-depuis-le-commencement-du-xix-e-siecle-1886-5-me-annee\/"},"modified":"2017-04-06T04:41:52","modified_gmt":"2017-04-06T04:41:52","slug":"annuaire-genealogique-des-maisons-souveraines-en-europe-depuis-le-commencement-du-xix-e-siecle-1886-5-me-annee","status":"publish","type":"product","link":"https:\/\/www.elibron.com\/catalog\/product\/annuaire-genealogique-des-maisons-souveraines-en-europe-depuis-le-commencement-du-xix-e-siecle-1886-5-me-annee\/","title":{"rendered":"Annuaire g\u00e9n\u00e9alogique des Maisons Souveraines en Europe depuis le commencement du XIX-e si\u00e8cle. 1886. 5-me ann\u00e9e"},"content":{"rendered":"<aside class=\"mashsb-container mashsb-main mashsb-stretched\"><div class=\"mashsb-box\"><div class=\"mashsb-buttons\"><a  class=\"mashicon-facebook mash-large mash-center mashsb-noshadow\" href=\"https:\/\/www.facebook.com\/sharer.php?u=https%3A%2F%2Fwww.elibron.com%2Fcatalog%2Fproduct%2Fannuaire-genealogique-des-maisons-souveraines-en-europe-depuis-le-commencement-du-xix-e-siecle-1886-5-me-annee%2F\" target=\"_blank\" rel=\"noopener nofollow\"><span class=\"icon\"><\/span><span class=\"text\">Share<\/span><\/a><a  class=\"mashicon-twitter mash-large mash-center mashsb-noshadow\" href=\"https:\/\/twitter.com\/intent\/tweet?text=&url=https:\/\/www.elibron.com\/catalog\/product\/annuaire-genealogique-des-maisons-souveraines-en-europe-depuis-le-commencement-du-xix-e-siecle-1886-5-me-annee\/&via=ElibronBooks\" target=\"_blank\" rel=\"noopener nofollow\"><span class=\"icon\"><\/span><span class=\"text\">Tweet<\/span><\/a><div class=\"onoffswitch2 mash-large mashsb-noshadow\" style=\"display:none;\"><\/div><\/div>\r\n            <\/div>\r\n                <div style=\"clear:both;\"><\/div><div class=\"mashsb-toggle-container\"><\/div><\/aside>\r\n            <!-- Share buttons by mashshare.net - Version: 3.5.7-->","protected":false},"excerpt":{"rendered":"","protected":false},"featured_media":16268,"comment_status":"closed","ping_status":"open","template":"","meta":{"_acf_changed":false,"jetpack_post_was_ever_published":false,"jetpack_publicize_message":"","jetpack_publicize_feature_enabled":true,"jetpack_social_post_already_shared":false,"jetpack_social_options":{"image_generator_settings":{"template":"highway","enabled":false},"version":2}},"product_brand":[],"product_cat":[2395,6,2501,2372,2394],"product_tag":[175,657,110,224],"class_list":{"0":"post-16267","1":"product","2":"type-product","3":"status-publish","4":"has-post-thumbnail","6":"product_cat-almanacs-annuals","7":"product_cat-books","8":"product_cat-genealogy-books","9":"product_cat-life-family-books","10":"product_cat-reference-books","11":"product_tag-almanacs-annuals","12":"product_tag-genealogy","13":"product_tag-life-family","14":"product_tag-reference","16":"first","17":"instock","18":"purchasable","19":"product-type-simple"},"jetpack_publicize_connections":[],"acf":[],"jetpack_sharing_enabled":true,"_links":{"self":[{"href":"https:\/\/www.elibron.com\/catalog\/wp-json\/wp\/v2\/product\/16267","targetHints":{"allow":["GET"]}}],"collection":[{"href":"https:\/\/www.elibron.com\/catalog\/wp-json\/wp\/v2\/product"}],"about":[{"href":"https:\/\/www.elibron.com\/catalog\/wp-json\/wp\/v2\/types\/product"}],"replies":[{"embeddable":true,"href":"https:\/\/www.elibron.com\/catalog\/wp-json\/wp\/v2\/comments?post=16267"}],"wp:featuredmedia":[{"embeddable":true,"href":"https:\/\/www.elibron.com\/catalog\/wp-json\/wp\/v2\/media\/16268"}],"wp:attachment":[{"href":"https:\/\/www.elibron.com\/catalog\/wp-json\/wp\/v2\/media?parent=16267"}],"wp:term":[{"taxonomy":"product_brand","embeddable":true,"href":"https:\/\/www.elibron.com\/catalog\/wp-json\/wp\/v2\/product_brand?post=16267"},{"taxonomy":"product_cat","embeddable":true,"href":"https:\/\/www.elibron.com\/catalog\/wp-json\/wp\/v2\/product_cat?post=16267"},{"taxonomy":"product_tag","embeddable":true,"href":"https:\/\/www.elibron.com\/catalog\/wp-json\/wp\/v2\/product_tag?post=16267"}],"curies":[{"name":"wp","href":"https:\/\/api.w.org\/{rel}","templated":true}]}}