{"id":14521,"date":"2017-04-03T13:48:48","date_gmt":"2017-04-03T13:48:48","guid":{"rendered":"https:\/\/www.elibron.com\/catalog\/product\/le-nobiliaire-universel-ou-recueil-general-des-genealogies-historiques-et-veridiques-des-maisons-nobles-de-leurope-publie-par-m-le-vicomte-de-magny-tome-5\/"},"modified":"2017-04-06T04:25:56","modified_gmt":"2017-04-06T04:25:56","slug":"le-nobiliaire-universel-ou-recueil-general-des-genealogies-historiques-et-veridiques-des-maisons-nobles-de-leurope-publie-par-m-le-vicomte-de-magny-tome-5","status":"publish","type":"product","link":"https:\/\/www.elibron.com\/catalog\/product\/le-nobiliaire-universel-ou-recueil-general-des-genealogies-historiques-et-veridiques-des-maisons-nobles-de-leurope-publie-par-m-le-vicomte-de-magny-tome-5\/","title":{"rendered":"Le Nobiliaire universel ou recueil g\u00e9n\u00e9ral des g\u00e9n\u00e9alogies historiques et v\u00e9ridiques des maisons nobles de l&#8217;Europe. Publi\u00e9 par M. Le Vicomte de Magny. Tome 5"},"content":{"rendered":"<aside class=\"mashsb-container mashsb-main mashsb-stretched\"><div class=\"mashsb-box\"><div class=\"mashsb-buttons\"><a  class=\"mashicon-facebook mash-large mash-center mashsb-noshadow\" href=\"https:\/\/www.facebook.com\/sharer.php?u=https%3A%2F%2Fwww.elibron.com%2Fcatalog%2Fproduct%2Fle-nobiliaire-universel-ou-recueil-general-des-genealogies-historiques-et-veridiques-des-maisons-nobles-de-leurope-publie-par-m-le-vicomte-de-magny-tome-5%2F\" target=\"_blank\" rel=\"noopener nofollow\"><span class=\"icon\"><\/span><span class=\"text\">Share<\/span><\/a><a  class=\"mashicon-twitter mash-large mash-center mashsb-noshadow\" href=\"https:\/\/twitter.com\/intent\/tweet?text=&url=https:\/\/www.elibron.com\/catalog\/product\/le-nobiliaire-universel-ou-recueil-general-des-genealogies-historiques-et-veridiques-des-maisons-nobles-de-leurope-publie-par-m-le-vicomte-de-magny-tome-5\/&via=ElibronBooks\" target=\"_blank\" rel=\"noopener nofollow\"><span class=\"icon\"><\/span><span class=\"text\">Tweet<\/span><\/a><div class=\"onoffswitch2 mash-large mashsb-noshadow\" style=\"display:none;\"><\/div><\/div>\r\n            <\/div>\r\n                <div style=\"clear:both;\"><\/div><div class=\"mashsb-toggle-container\"><\/div><\/aside>\r\n            <!-- Share buttons by mashshare.net - Version: 3.5.7-->","protected":false},"excerpt":{"rendered":"","protected":false},"featured_media":14522,"comment_status":"closed","ping_status":"open","template":"","meta":{"_acf_changed":false,"jetpack_post_was_ever_published":false,"jetpack_publicize_message":"","jetpack_publicize_feature_enabled":true,"jetpack_social_post_already_shared":false,"jetpack_social_options":{"image_generator_settings":{"template":"highway","enabled":false},"version":2}},"product_brand":[],"product_cat":[6,2356,2501,2355,2372],"product_tag":[79,657,74,110],"class_list":{"0":"post-14521","1":"product","2":"type-product","3":"status-publish","4":"has-post-thumbnail","6":"product_cat-books","7":"product_cat-europe-books","8":"product_cat-genealogy-books","9":"product_cat-history-books","10":"product_cat-life-family-books","11":"product_tag-europe","12":"product_tag-genealogy","13":"product_tag-history","14":"product_tag-life-family","16":"first","17":"instock","18":"purchasable","19":"product-type-simple"},"jetpack_publicize_connections":[],"acf":[],"jetpack_sharing_enabled":true,"_links":{"self":[{"href":"https:\/\/www.elibron.com\/catalog\/wp-json\/wp\/v2\/product\/14521","targetHints":{"allow":["GET"]}}],"collection":[{"href":"https:\/\/www.elibron.com\/catalog\/wp-json\/wp\/v2\/product"}],"about":[{"href":"https:\/\/www.elibron.com\/catalog\/wp-json\/wp\/v2\/types\/product"}],"replies":[{"embeddable":true,"href":"https:\/\/www.elibron.com\/catalog\/wp-json\/wp\/v2\/comments?post=14521"}],"wp:featuredmedia":[{"embeddable":true,"href":"https:\/\/www.elibron.com\/catalog\/wp-json\/wp\/v2\/media\/14522"}],"wp:attachment":[{"href":"https:\/\/www.elibron.com\/catalog\/wp-json\/wp\/v2\/media?parent=14521"}],"wp:term":[{"taxonomy":"product_brand","embeddable":true,"href":"https:\/\/www.elibron.com\/catalog\/wp-json\/wp\/v2\/product_brand?post=14521"},{"taxonomy":"product_cat","embeddable":true,"href":"https:\/\/www.elibron.com\/catalog\/wp-json\/wp\/v2\/product_cat?post=14521"},{"taxonomy":"product_tag","embeddable":true,"href":"https:\/\/www.elibron.com\/catalog\/wp-json\/wp\/v2\/product_tag?post=14521"}],"curies":[{"name":"wp","href":"https:\/\/api.w.org\/{rel}","templated":true}]}}