{"id":13515,"date":"2017-04-03T13:33:45","date_gmt":"2017-04-03T13:33:45","guid":{"rendered":"https:\/\/www.elibron.com\/catalog\/product\/religions-de-lantiquite-considerees-principalement-dans-leurs-formes-symboliques-et-mythologiques-traduit-de-lallemand-refondu-en-parti-complete-et-developpe-par-j-d-guigniaut-tome-1-part\/"},"modified":"2017-04-06T04:16:39","modified_gmt":"2017-04-06T04:16:39","slug":"religions-de-lantiquite-considerees-principalement-dans-leurs-formes-symboliques-et-mythologiques-traduit-de-lallemand-refondu-en-parti-complete-et-developpe-par-j-d-guigniaut-tome-1-part","status":"publish","type":"product","link":"https:\/\/www.elibron.com\/catalog\/product\/religions-de-lantiquite-considerees-principalement-dans-leurs-formes-symboliques-et-mythologiques-traduit-de-lallemand-refondu-en-parti-complete-et-developpe-par-j-d-guigniaut-tome-1-part\/","title":{"rendered":"Religions de l&#8217;antiquit\u00e9, consid\u00e9r\u00e9es principalement dans leurs formes symboliques et mythologiques. Traduit de l&#8217;allemand &#8230; refondu en parti, compl\u00e9t\u00e9 et d\u00e9velopp\u00e9 par J. D. Guigniaut. Tome 1, Partie 2"},"content":{"rendered":"<aside class=\"mashsb-container mashsb-main mashsb-stretched\"><div class=\"mashsb-box\"><div class=\"mashsb-buttons\"><a  class=\"mashicon-facebook mash-large mash-center mashsb-noshadow\" href=\"https:\/\/www.facebook.com\/sharer.php?u=https%3A%2F%2Fwww.elibron.com%2Fcatalog%2Fproduct%2Freligions-de-lantiquite-considerees-principalement-dans-leurs-formes-symboliques-et-mythologiques-traduit-de-lallemand-refondu-en-parti-complete-et-developpe-par-j-d-guigniaut-tome-1-part%2F\" target=\"_blank\" rel=\"noopener nofollow\"><span class=\"icon\"><\/span><span class=\"text\">Share<\/span><\/a><a  class=\"mashicon-twitter mash-large mash-center mashsb-noshadow\" href=\"https:\/\/twitter.com\/intent\/tweet?text=&url=https:\/\/www.elibron.com\/catalog\/product\/religions-de-lantiquite-considerees-principalement-dans-leurs-formes-symboliques-et-mythologiques-traduit-de-lallemand-refondu-en-parti-complete-et-developpe-par-j-d-guigniaut-tome-1-part\/&via=ElibronBooks\" target=\"_blank\" rel=\"noopener nofollow\"><span class=\"icon\"><\/span><span class=\"text\">Tweet<\/span><\/a><div class=\"onoffswitch2 mash-large mashsb-noshadow\" style=\"display:none;\"><\/div><\/div>\r\n            <\/div>\r\n                <div style=\"clear:both;\"><\/div><div class=\"mashsb-toggle-container\"><\/div><\/aside>\r\n            <!-- Share buttons by mashshare.net - Version: 3.5.7-->","protected":false},"excerpt":{"rendered":"","protected":false},"featured_media":13516,"comment_status":"closed","ping_status":"open","template":"","meta":{"_acf_changed":false,"jetpack_post_was_ever_published":false,"jetpack_publicize_message":"","jetpack_publicize_feature_enabled":true,"jetpack_social_post_already_shared":false,"jetpack_social_options":{"image_generator_settings":{"template":"highway","enabled":false},"version":2}},"product_brand":[],"product_cat":[2503,6,2343,2381],"product_tag":[677,20,134],"class_list":{"0":"post-13515","1":"product","2":"type-product","3":"status-publish","4":"has-post-thumbnail","6":"product_cat-ancient-greek-and-roman","7":"product_cat-books","8":"product_cat-folklore-mythology-books","9":"product_cat-religions-spirituality-books","10":"product_tag-ancient-greek-and-roman","11":"product_tag-folklore-mythology","12":"product_tag-religions-spirituality","14":"first","15":"instock","16":"purchasable","17":"product-type-simple"},"jetpack_publicize_connections":[],"acf":[],"jetpack_sharing_enabled":true,"_links":{"self":[{"href":"https:\/\/www.elibron.com\/catalog\/wp-json\/wp\/v2\/product\/13515","targetHints":{"allow":["GET"]}}],"collection":[{"href":"https:\/\/www.elibron.com\/catalog\/wp-json\/wp\/v2\/product"}],"about":[{"href":"https:\/\/www.elibron.com\/catalog\/wp-json\/wp\/v2\/types\/product"}],"replies":[{"embeddable":true,"href":"https:\/\/www.elibron.com\/catalog\/wp-json\/wp\/v2\/comments?post=13515"}],"wp:featuredmedia":[{"embeddable":true,"href":"https:\/\/www.elibron.com\/catalog\/wp-json\/wp\/v2\/media\/13516"}],"wp:attachment":[{"href":"https:\/\/www.elibron.com\/catalog\/wp-json\/wp\/v2\/media?parent=13515"}],"wp:term":[{"taxonomy":"product_brand","embeddable":true,"href":"https:\/\/www.elibron.com\/catalog\/wp-json\/wp\/v2\/product_brand?post=13515"},{"taxonomy":"product_cat","embeddable":true,"href":"https:\/\/www.elibron.com\/catalog\/wp-json\/wp\/v2\/product_cat?post=13515"},{"taxonomy":"product_tag","embeddable":true,"href":"https:\/\/www.elibron.com\/catalog\/wp-json\/wp\/v2\/product_tag?post=13515"}],"curies":[{"name":"wp","href":"https:\/\/api.w.org\/{rel}","templated":true}]}}