{"id":12565,"date":"2017-04-03T13:19:05","date_gmt":"2017-04-03T13:19:05","guid":{"rendered":"https:\/\/www.elibron.com\/catalog\/product\/les-jesuites-chasses-de-la-maconnerie-et-leur-poignard-brise-par-les-macons-partie-2-memete-des-quatre-voeux-de-la-compagnie-de-s-ignace-et-des-quatre-grades-de-la-maconnerie-de-s-jean\/"},"modified":"2017-04-06T04:08:05","modified_gmt":"2017-04-06T04:08:05","slug":"les-jesuites-chasses-de-la-maconnerie-et-leur-poignard-brise-par-les-macons-partie-2-memete-des-quatre-voeux-de-la-compagnie-de-s-ignace-et-des-quatre-grades-de-la-maconnerie-de-s-jean","status":"publish","type":"product","link":"https:\/\/www.elibron.com\/catalog\/product\/les-jesuites-chasses-de-la-maconnerie-et-leur-poignard-brise-par-les-macons-partie-2-memete-des-quatre-voeux-de-la-compagnie-de-s-ignace-et-des-quatre-grades-de-la-maconnerie-de-s-jean\/","title":{"rendered":"Les J\u00e9suites chass\u00e9s de la ma\u00e7onnerie, et leur poignard bris\u00e9 par les ma\u00e7ons. Partie 2. M\u00e9met\u00e9 des quatre voeux de la Compagnie de S. Ignace, et des quatre grades de la ma\u00e7onnerie de S. Jean"},"content":{"rendered":"<aside class=\"mashsb-container mashsb-main mashsb-stretched\"><div class=\"mashsb-box\"><div class=\"mashsb-buttons\"><a  class=\"mashicon-facebook mash-large mash-center mashsb-noshadow\" href=\"https:\/\/www.facebook.com\/sharer.php?u=https%3A%2F%2Fwww.elibron.com%2Fcatalog%2Fproduct%2Fles-jesuites-chasses-de-la-maconnerie-et-leur-poignard-brise-par-les-macons-partie-2-memete-des-quatre-voeux-de-la-compagnie-de-s-ignace-et-des-quatre-grades-de-la-maconnerie-de-s-jean%2F\" target=\"_blank\" rel=\"noopener nofollow\"><span class=\"icon\"><\/span><span class=\"text\">Share<\/span><\/a><a  class=\"mashicon-twitter mash-large mash-center mashsb-noshadow\" href=\"https:\/\/twitter.com\/intent\/tweet?text=&url=https:\/\/www.elibron.com\/catalog\/product\/les-jesuites-chasses-de-la-maconnerie-et-leur-poignard-brise-par-les-macons-partie-2-memete-des-quatre-voeux-de-la-compagnie-de-s-ignace-et-des-quatre-grades-de-la-maconnerie-de-s-jean\/&via=ElibronBooks\" target=\"_blank\" rel=\"noopener nofollow\"><span class=\"icon\"><\/span><span class=\"text\">Tweet<\/span><\/a><div class=\"onoffswitch2 mash-large mashsb-noshadow\" style=\"display:none;\"><\/div><\/div>\r\n            <\/div>\r\n                <div style=\"clear:both;\"><\/div><div class=\"mashsb-toggle-container\"><\/div><\/aside>\r\n            <!-- Share buttons by mashshare.net - Version: 3.5.7-->","protected":false},"excerpt":{"rendered":"","protected":false},"featured_media":12566,"comment_status":"closed","ping_status":"open","template":"","meta":{"_acf_changed":false,"jetpack_post_was_ever_published":false,"jetpack_publicize_message":"","jetpack_publicize_feature_enabled":true,"jetpack_social_post_already_shared":false,"jetpack_social_options":{"image_generator_settings":{"template":"highway","enabled":false},"version":2}},"product_brand":[],"product_cat":[6,2381],"product_tag":[134],"class_list":{"0":"post-12565","1":"product","2":"type-product","3":"status-publish","4":"has-post-thumbnail","6":"product_cat-books","7":"product_cat-religions-spirituality-books","8":"product_tag-religions-spirituality","10":"first","11":"instock","12":"purchasable","13":"product-type-simple"},"jetpack_publicize_connections":[],"acf":[],"jetpack_sharing_enabled":true,"_links":{"self":[{"href":"https:\/\/www.elibron.com\/catalog\/wp-json\/wp\/v2\/product\/12565","targetHints":{"allow":["GET"]}}],"collection":[{"href":"https:\/\/www.elibron.com\/catalog\/wp-json\/wp\/v2\/product"}],"about":[{"href":"https:\/\/www.elibron.com\/catalog\/wp-json\/wp\/v2\/types\/product"}],"replies":[{"embeddable":true,"href":"https:\/\/www.elibron.com\/catalog\/wp-json\/wp\/v2\/comments?post=12565"}],"wp:featuredmedia":[{"embeddable":true,"href":"https:\/\/www.elibron.com\/catalog\/wp-json\/wp\/v2\/media\/12566"}],"wp:attachment":[{"href":"https:\/\/www.elibron.com\/catalog\/wp-json\/wp\/v2\/media?parent=12565"}],"wp:term":[{"taxonomy":"product_brand","embeddable":true,"href":"https:\/\/www.elibron.com\/catalog\/wp-json\/wp\/v2\/product_brand?post=12565"},{"taxonomy":"product_cat","embeddable":true,"href":"https:\/\/www.elibron.com\/catalog\/wp-json\/wp\/v2\/product_cat?post=12565"},{"taxonomy":"product_tag","embeddable":true,"href":"https:\/\/www.elibron.com\/catalog\/wp-json\/wp\/v2\/product_tag?post=12565"}],"curies":[{"name":"wp","href":"https:\/\/api.w.org\/{rel}","templated":true}]}}