{"id":12441,"date":"2017-04-03T13:17:12","date_gmt":"2017-04-03T13:17:12","guid":{"rendered":"https:\/\/www.elibron.com\/catalog\/product\/abecedario-de-p-j-mariette-et-autres-notes-inedites-de-cet-amateur-sur-les-arts-et-les-artistes-ouvrage-publie-par-mm-ph-de-chennevieres-et-a-de-montaiglon-tome-1-a-col\/"},"modified":"2017-04-06T04:06:57","modified_gmt":"2017-04-06T04:06:57","slug":"abecedario-de-p-j-mariette-et-autres-notes-inedites-de-cet-amateur-sur-les-arts-et-les-artistes-ouvrage-publie-par-mm-ph-de-chennevieres-et-a-de-montaiglon-tome-1-a-col","status":"publish","type":"product","link":"https:\/\/www.elibron.com\/catalog\/product\/abecedario-de-p-j-mariette-et-autres-notes-inedites-de-cet-amateur-sur-les-arts-et-les-artistes-ouvrage-publie-par-mm-ph-de-chennevieres-et-a-de-montaiglon-tome-1-a-col\/","title":{"rendered":"Abecedario de P. J. Mariette et autres notes in\u00e9dites de cet amateur sur les arts et les artistes. Ouvrage publi\u00e9 &#8230; par MM. Ph. de Chennevi\u00e8res et A. de Montaiglon. Tome 1. A &#8211; Col"},"content":{"rendered":"<aside class=\"mashsb-container mashsb-main mashsb-stretched\"><div class=\"mashsb-box\"><div class=\"mashsb-buttons\"><a  class=\"mashicon-facebook mash-large mash-center mashsb-noshadow\" href=\"https:\/\/www.facebook.com\/sharer.php?u=https%3A%2F%2Fwww.elibron.com%2Fcatalog%2Fproduct%2Fabecedario-de-p-j-mariette-et-autres-notes-inedites-de-cet-amateur-sur-les-arts-et-les-artistes-ouvrage-publie-par-mm-ph-de-chennevieres-et-a-de-montaiglon-tome-1-a-col%2F\" target=\"_blank\" rel=\"noopener nofollow\"><span class=\"icon\"><\/span><span class=\"text\">Share<\/span><\/a><a  class=\"mashicon-twitter mash-large mash-center mashsb-noshadow\" href=\"https:\/\/twitter.com\/intent\/tweet?text=&url=https:\/\/www.elibron.com\/catalog\/product\/abecedario-de-p-j-mariette-et-autres-notes-inedites-de-cet-amateur-sur-les-arts-et-les-artistes-ouvrage-publie-par-mm-ph-de-chennevieres-et-a-de-montaiglon-tome-1-a-col\/&via=ElibronBooks\" target=\"_blank\" rel=\"noopener nofollow\"><span class=\"icon\"><\/span><span class=\"text\">Tweet<\/span><\/a><div class=\"onoffswitch2 mash-large mashsb-noshadow\" style=\"display:none;\"><\/div><\/div>\r\n            <\/div>\r\n                <div style=\"clear:both;\"><\/div><div class=\"mashsb-toggle-container\"><\/div><\/aside>\r\n            <!-- Share buttons by mashshare.net - Version: 3.5.7-->","protected":false},"excerpt":{"rendered":"","protected":false},"featured_media":12442,"comment_status":"closed","ping_status":"open","template":"","meta":{"_acf_changed":false,"jetpack_post_was_ever_published":false,"jetpack_publicize_message":"","jetpack_publicize_feature_enabled":true,"jetpack_social_post_already_shared":false,"jetpack_social_options":{"image_generator_settings":{"template":"highway","enabled":false},"version":2}},"product_brand":[],"product_cat":[2460,2405,2459,2398,2344,6,2414,2461,2394],"product_tag":[394,205,393,182,53,225,395,224],"class_list":{"0":"post-12441","1":"product","2":"type-product","3":"status-publish","4":"has-post-thumbnail","6":"product_cat-architects","7":"product_cat-art-history-art-study","8":"product_cat-artists-books","9":"product_cat-arts-entertainment-books","10":"product_cat-biography-memoir-books","11":"product_cat-books","12":"product_cat-encyclopedias-books","13":"product_cat-photographers-books","14":"product_cat-reference-books","15":"product_tag-architects","16":"product_tag-art-history-art-study","17":"product_tag-artists","18":"product_tag-arts-entertainment","19":"product_tag-biography-memoir","20":"product_tag-encyclopedias","21":"product_tag-photographers","22":"product_tag-reference","24":"first","25":"instock","26":"purchasable","27":"product-type-simple"},"jetpack_publicize_connections":[],"acf":[],"jetpack_sharing_enabled":true,"_links":{"self":[{"href":"https:\/\/www.elibron.com\/catalog\/wp-json\/wp\/v2\/product\/12441","targetHints":{"allow":["GET"]}}],"collection":[{"href":"https:\/\/www.elibron.com\/catalog\/wp-json\/wp\/v2\/product"}],"about":[{"href":"https:\/\/www.elibron.com\/catalog\/wp-json\/wp\/v2\/types\/product"}],"replies":[{"embeddable":true,"href":"https:\/\/www.elibron.com\/catalog\/wp-json\/wp\/v2\/comments?post=12441"}],"wp:featuredmedia":[{"embeddable":true,"href":"https:\/\/www.elibron.com\/catalog\/wp-json\/wp\/v2\/media\/12442"}],"wp:attachment":[{"href":"https:\/\/www.elibron.com\/catalog\/wp-json\/wp\/v2\/media?parent=12441"}],"wp:term":[{"taxonomy":"product_brand","embeddable":true,"href":"https:\/\/www.elibron.com\/catalog\/wp-json\/wp\/v2\/product_brand?post=12441"},{"taxonomy":"product_cat","embeddable":true,"href":"https:\/\/www.elibron.com\/catalog\/wp-json\/wp\/v2\/product_cat?post=12441"},{"taxonomy":"product_tag","embeddable":true,"href":"https:\/\/www.elibron.com\/catalog\/wp-json\/wp\/v2\/product_tag?post=12441"}],"curies":[{"name":"wp","href":"https:\/\/api.w.org\/{rel}","templated":true}]}}