{"id":12415,"date":"2017-04-03T13:16:54","date_gmt":"2017-04-03T13:16:54","guid":{"rendered":"https:\/\/www.elibron.com\/catalog\/product\/histoire-de-ladministration-de-la-police-de-paris-depuis-philippe-auguste-jusquaux-etats-generaux-de-1789-ou-tableau-moral-et-politique-de-la-ville-de-paris-durant-cette-periode-considere-dans-ses-2\/"},"modified":"2017-04-06T04:06:42","modified_gmt":"2017-04-06T04:06:42","slug":"histoire-de-ladministration-de-la-police-de-paris-depuis-philippe-auguste-jusquaux-etats-generaux-de-1789-ou-tableau-moral-et-politique-de-la-ville-de-paris-durant-cette-periode-considere-dans-ses-2","status":"publish","type":"product","link":"https:\/\/www.elibron.com\/catalog\/product\/histoire-de-ladministration-de-la-police-de-paris-depuis-philippe-auguste-jusquaux-etats-generaux-de-1789-ou-tableau-moral-et-politique-de-la-ville-de-paris-durant-cette-periode-considere-dans-ses-2\/","title":{"rendered":"Histoire de l&#8217;administration de la Police de Paris depuis Philippe-Auguste jusqu&#8217;aux \u00c9tats g\u00e9n\u00e9raux de 1789. Ou tableau moral et politique de la ville de Paris durant cette p\u00e9riode, consid\u00e9r\u00e9 dans ses rapports avec l&#8217;action de la police. Tome 2"},"content":{"rendered":"<aside class=\"mashsb-container mashsb-main mashsb-stretched\"><div class=\"mashsb-box\"><div class=\"mashsb-buttons\"><a  class=\"mashicon-facebook mash-large mash-center mashsb-noshadow\" href=\"https:\/\/www.facebook.com\/sharer.php?u=https%3A%2F%2Fwww.elibron.com%2Fcatalog%2Fproduct%2Fhistoire-de-ladministration-de-la-police-de-paris-depuis-philippe-auguste-jusquaux-etats-generaux-de-1789-ou-tableau-moral-et-politique-de-la-ville-de-paris-durant-cette-periode-considere-dans-ses-2%2F\" target=\"_blank\" rel=\"noopener nofollow\"><span class=\"icon\"><\/span><span class=\"text\">Share<\/span><\/a><a  class=\"mashicon-twitter mash-large mash-center mashsb-noshadow\" href=\"https:\/\/twitter.com\/intent\/tweet?text=&url=https:\/\/www.elibron.com\/catalog\/product\/histoire-de-ladministration-de-la-police-de-paris-depuis-philippe-auguste-jusquaux-etats-generaux-de-1789-ou-tableau-moral-et-politique-de-la-ville-de-paris-durant-cette-periode-considere-dans-ses-2\/&via=ElibronBooks\" target=\"_blank\" rel=\"noopener nofollow\"><span class=\"icon\"><\/span><span class=\"text\">Tweet<\/span><\/a><div class=\"onoffswitch2 mash-large mashsb-noshadow\" style=\"display:none;\"><\/div><\/div>\r\n            <\/div>\r\n                <div style=\"clear:both;\"><\/div><div class=\"mashsb-toggle-container\"><\/div><\/aside>\r\n            <!-- Share buttons by mashshare.net - Version: 3.5.7-->","protected":false},"excerpt":{"rendered":"","protected":false},"featured_media":12416,"comment_status":"closed","ping_status":"open","template":"","meta":{"_acf_changed":false,"jetpack_post_was_ever_published":false,"jetpack_publicize_message":"","jetpack_publicize_feature_enabled":true,"jetpack_social_post_already_shared":false,"jetpack_social_options":{"image_generator_settings":{"template":"highway","enabled":false},"version":2}},"product_brand":[],"product_cat":[6,2516,2517,2366],"product_tag":[752,753,94],"class_list":{"0":"post-12415","1":"product","2":"type-product","3":"status-publish","4":"has-post-thumbnail","6":"product_cat-books","7":"product_cat-crimes-books","8":"product_cat-law-enforcement-books","9":"product_cat-society-social-sciences-books","10":"product_tag-crimes","11":"product_tag-law-enforcement","12":"product_tag-society-social-sciences","14":"first","15":"instock","16":"purchasable","17":"product-type-simple"},"jetpack_publicize_connections":[],"acf":[],"jetpack_sharing_enabled":true,"_links":{"self":[{"href":"https:\/\/www.elibron.com\/catalog\/wp-json\/wp\/v2\/product\/12415","targetHints":{"allow":["GET"]}}],"collection":[{"href":"https:\/\/www.elibron.com\/catalog\/wp-json\/wp\/v2\/product"}],"about":[{"href":"https:\/\/www.elibron.com\/catalog\/wp-json\/wp\/v2\/types\/product"}],"replies":[{"embeddable":true,"href":"https:\/\/www.elibron.com\/catalog\/wp-json\/wp\/v2\/comments?post=12415"}],"wp:featuredmedia":[{"embeddable":true,"href":"https:\/\/www.elibron.com\/catalog\/wp-json\/wp\/v2\/media\/12416"}],"wp:attachment":[{"href":"https:\/\/www.elibron.com\/catalog\/wp-json\/wp\/v2\/media?parent=12415"}],"wp:term":[{"taxonomy":"product_brand","embeddable":true,"href":"https:\/\/www.elibron.com\/catalog\/wp-json\/wp\/v2\/product_brand?post=12415"},{"taxonomy":"product_cat","embeddable":true,"href":"https:\/\/www.elibron.com\/catalog\/wp-json\/wp\/v2\/product_cat?post=12415"},{"taxonomy":"product_tag","embeddable":true,"href":"https:\/\/www.elibron.com\/catalog\/wp-json\/wp\/v2\/product_tag?post=12415"}],"curies":[{"name":"wp","href":"https:\/\/api.w.org\/{rel}","templated":true}]}}