{"id":12329,"date":"2017-04-03T13:15:20","date_gmt":"2017-04-03T13:15:20","guid":{"rendered":"https:\/\/www.elibron.com\/catalog\/product\/histoire-pittoresque-des-voyages-dans-les-cinq-parties-du-monde-recueil-des-recites-curieux-des-scenes-variees-des-decouvertes-scientifiques-des-moeurs-et-coutumes-qui-offrent-un-interet-universel-2\/"},"modified":"2017-04-06T04:05:54","modified_gmt":"2017-04-06T04:05:54","slug":"histoire-pittoresque-des-voyages-dans-les-cinq-parties-du-monde-recueil-des-recites-curieux-des-scenes-variees-des-decouvertes-scientifiques-des-moeurs-et-coutumes-qui-offrent-un-interet-universel-2","status":"publish","type":"product","link":"https:\/\/www.elibron.com\/catalog\/product\/histoire-pittoresque-des-voyages-dans-les-cinq-parties-du-monde-recueil-des-recites-curieux-des-scenes-variees-des-decouvertes-scientifiques-des-moeurs-et-coutumes-qui-offrent-un-interet-universel-2\/","title":{"rendered":"Histoire pittoresque des voyages dans les cinq parties du monde. Recueil des r\u00e9cites curieux, des sc\u00e8nes vari\u00e9es, des d\u00e9couvertes scientifiques, des moeurs et coutumes qui offrent un int\u00e9r\u00eat universel. Tome 4"},"content":{"rendered":"<aside class=\"mashsb-container mashsb-main mashsb-stretched\"><div class=\"mashsb-box\"><div class=\"mashsb-buttons\"><a  class=\"mashicon-facebook mash-large mash-center mashsb-noshadow\" href=\"https:\/\/www.facebook.com\/sharer.php?u=https%3A%2F%2Fwww.elibron.com%2Fcatalog%2Fproduct%2Fhistoire-pittoresque-des-voyages-dans-les-cinq-parties-du-monde-recueil-des-recites-curieux-des-scenes-variees-des-decouvertes-scientifiques-des-moeurs-et-coutumes-qui-offrent-un-interet-universel-2%2F\" target=\"_blank\" rel=\"noopener nofollow\"><span class=\"icon\"><\/span><span class=\"text\">Share<\/span><\/a><a  class=\"mashicon-twitter mash-large mash-center mashsb-noshadow\" href=\"https:\/\/twitter.com\/intent\/tweet?text=&url=https:\/\/www.elibron.com\/catalog\/product\/histoire-pittoresque-des-voyages-dans-les-cinq-parties-du-monde-recueil-des-recites-curieux-des-scenes-variees-des-decouvertes-scientifiques-des-moeurs-et-coutumes-qui-offrent-un-interet-universel-2\/&via=ElibronBooks\" target=\"_blank\" rel=\"noopener nofollow\"><span class=\"icon\"><\/span><span class=\"text\">Tweet<\/span><\/a><div class=\"onoffswitch2 mash-large mashsb-noshadow\" style=\"display:none;\"><\/div><\/div>\r\n            <\/div>\r\n                <div style=\"clear:both;\"><\/div><div class=\"mashsb-toggle-container\"><\/div><\/aside>\r\n            <!-- Share buttons by mashshare.net - Version: 3.5.7-->","protected":false},"excerpt":{"rendered":"","protected":false},"featured_media":12330,"comment_status":"closed","ping_status":"open","template":"","meta":{"_acf_changed":false,"jetpack_post_was_ever_published":false,"jetpack_publicize_message":"","jetpack_publicize_feature_enabled":true,"jetpack_social_post_already_shared":false,"jetpack_social_options":{"image_generator_settings":{"template":"highway","enabled":false},"version":2}},"product_brand":[],"product_cat":[6,2358,2378,2418,2365,2357,2379],"product_tag":[76,128,233,91,193,129],"class_list":{"0":"post-12329","1":"product","2":"type-product","3":"status-publish","4":"has-post-thumbnail","6":"product_cat-books","7":"product_cat-countries-maps-books","8":"product_cat-customs-traditions-of-nations-books","9":"product_cat-geography-books","10":"product_cat-sciences-books","11":"product_cat-travel-books","12":"product_cat-travel-stories-books","13":"product_tag-countries-maps","14":"product_tag-customs-traditions-of-nations","15":"product_tag-geography","16":"product_tag-sciences","17":"product_tag-travel","18":"product_tag-travel-stories","20":"first","21":"instock","22":"purchasable","23":"product-type-simple"},"jetpack_publicize_connections":[],"acf":[],"jetpack_sharing_enabled":true,"_links":{"self":[{"href":"https:\/\/www.elibron.com\/catalog\/wp-json\/wp\/v2\/product\/12329","targetHints":{"allow":["GET"]}}],"collection":[{"href":"https:\/\/www.elibron.com\/catalog\/wp-json\/wp\/v2\/product"}],"about":[{"href":"https:\/\/www.elibron.com\/catalog\/wp-json\/wp\/v2\/types\/product"}],"replies":[{"embeddable":true,"href":"https:\/\/www.elibron.com\/catalog\/wp-json\/wp\/v2\/comments?post=12329"}],"wp:featuredmedia":[{"embeddable":true,"href":"https:\/\/www.elibron.com\/catalog\/wp-json\/wp\/v2\/media\/12330"}],"wp:attachment":[{"href":"https:\/\/www.elibron.com\/catalog\/wp-json\/wp\/v2\/media?parent=12329"}],"wp:term":[{"taxonomy":"product_brand","embeddable":true,"href":"https:\/\/www.elibron.com\/catalog\/wp-json\/wp\/v2\/product_brand?post=12329"},{"taxonomy":"product_cat","embeddable":true,"href":"https:\/\/www.elibron.com\/catalog\/wp-json\/wp\/v2\/product_cat?post=12329"},{"taxonomy":"product_tag","embeddable":true,"href":"https:\/\/www.elibron.com\/catalog\/wp-json\/wp\/v2\/product_tag?post=12329"}],"curies":[{"name":"wp","href":"https:\/\/api.w.org\/{rel}","templated":true}]}}