{"id":10249,"date":"2017-04-03T12:43:35","date_gmt":"2017-04-03T12:43:35","guid":{"rendered":"https:\/\/www.elibron.com\/catalog\/product\/lugenchronik-oder-wunderbare-reisen-zu-wasser-und-lande-und-lustige-abenteuer-des-freiherrn-v-munchhausen-wie-er-dieselben-bei-der-flasche-im-zirkel-seiner-freunde-selbst-zu-erzahlen-pflegt-erste\/"},"modified":"2017-04-06T03:47:05","modified_gmt":"2017-04-06T03:47:05","slug":"lugenchronik-oder-wunderbare-reisen-zu-wasser-und-lande-und-lustige-abenteuer-des-freiherrn-v-munchhausen-wie-er-dieselben-bei-der-flasche-im-zirkel-seiner-freunde-selbst-zu-erzahlen-pflegt-erste","status":"publish","type":"product","link":"https:\/\/www.elibron.com\/catalog\/product\/lugenchronik-oder-wunderbare-reisen-zu-wasser-und-lande-und-lustige-abenteuer-des-freiherrn-v-munchhausen-wie-er-dieselben-bei-der-flasche-im-zirkel-seiner-freunde-selbst-zu-erzahlen-pflegt-erste\/","title":{"rendered":"L\u00fcgenchronik, oder wunderbare Reisen zu Wasser und Lande, und lustige Abenteuer des Freiherrn v. M\u00fcnchhausen, wie er dieselben bei der Flasche im Zirkel seiner Freunde selbst zu erz\u00e4hlen pflegt. Erste und zweite Abtheilung"},"content":{"rendered":"<aside class=\"mashsb-container mashsb-main mashsb-stretched\"><div class=\"mashsb-box\"><div class=\"mashsb-buttons\"><a  class=\"mashicon-facebook mash-large mash-center mashsb-noshadow\" href=\"https:\/\/www.facebook.com\/sharer.php?u=https%3A%2F%2Fwww.elibron.com%2Fcatalog%2Fproduct%2Flugenchronik-oder-wunderbare-reisen-zu-wasser-und-lande-und-lustige-abenteuer-des-freiherrn-v-munchhausen-wie-er-dieselben-bei-der-flasche-im-zirkel-seiner-freunde-selbst-zu-erzahlen-pflegt-erste%2F\" target=\"_blank\" rel=\"noopener nofollow\"><span class=\"icon\"><\/span><span class=\"text\">Share<\/span><\/a><a  class=\"mashicon-twitter mash-large mash-center mashsb-noshadow\" href=\"https:\/\/twitter.com\/intent\/tweet?text=&url=https:\/\/www.elibron.com\/catalog\/product\/lugenchronik-oder-wunderbare-reisen-zu-wasser-und-lande-und-lustige-abenteuer-des-freiherrn-v-munchhausen-wie-er-dieselben-bei-der-flasche-im-zirkel-seiner-freunde-selbst-zu-erzahlen-pflegt-erste\/&via=ElibronBooks\" target=\"_blank\" rel=\"noopener nofollow\"><span class=\"icon\"><\/span><span class=\"text\">Tweet<\/span><\/a><div class=\"onoffswitch2 mash-large mashsb-noshadow\" style=\"display:none;\"><\/div><\/div>\r\n            <\/div>\r\n                <div style=\"clear:both;\"><\/div><div class=\"mashsb-toggle-container\"><\/div><\/aside>\r\n            <!-- Share buttons by mashshare.net - Version: 3.5.7-->","protected":false},"excerpt":{"rendered":"","protected":false},"featured_media":10250,"comment_status":"closed","ping_status":"open","template":"","meta":{"_acf_changed":false,"jetpack_post_was_ever_published":false,"jetpack_publicize_message":"","jetpack_publicize_feature_enabled":true,"jetpack_social_post_already_shared":false,"jetpack_social_options":{"image_generator_settings":{"template":"highway","enabled":false},"version":2}},"product_brand":[],"product_cat":[2335,6,2350,2332,2442],"product_tag":[36,62,8,317],"class_list":{"0":"post-10249","1":"product","2":"type-product","3":"status-publish","4":"has-post-thumbnail","6":"product_cat-adventure","7":"product_cat-books","8":"product_cat-humor-satire-books","9":"product_cat-novels-short-fiction-books","10":"product_cat-short-stories-books","11":"product_tag-adventure","12":"product_tag-humor-satire","13":"product_tag-novels-short-fiction","14":"product_tag-short-stories","16":"first","17":"instock","18":"purchasable","19":"product-type-simple"},"jetpack_publicize_connections":[],"acf":[],"jetpack_sharing_enabled":true,"_links":{"self":[{"href":"https:\/\/www.elibron.com\/catalog\/wp-json\/wp\/v2\/product\/10249","targetHints":{"allow":["GET"]}}],"collection":[{"href":"https:\/\/www.elibron.com\/catalog\/wp-json\/wp\/v2\/product"}],"about":[{"href":"https:\/\/www.elibron.com\/catalog\/wp-json\/wp\/v2\/types\/product"}],"replies":[{"embeddable":true,"href":"https:\/\/www.elibron.com\/catalog\/wp-json\/wp\/v2\/comments?post=10249"}],"wp:featuredmedia":[{"embeddable":true,"href":"https:\/\/www.elibron.com\/catalog\/wp-json\/wp\/v2\/media\/10250"}],"wp:attachment":[{"href":"https:\/\/www.elibron.com\/catalog\/wp-json\/wp\/v2\/media?parent=10249"}],"wp:term":[{"taxonomy":"product_brand","embeddable":true,"href":"https:\/\/www.elibron.com\/catalog\/wp-json\/wp\/v2\/product_brand?post=10249"},{"taxonomy":"product_cat","embeddable":true,"href":"https:\/\/www.elibron.com\/catalog\/wp-json\/wp\/v2\/product_cat?post=10249"},{"taxonomy":"product_tag","embeddable":true,"href":"https:\/\/www.elibron.com\/catalog\/wp-json\/wp\/v2\/product_tag?post=10249"}],"curies":[{"name":"wp","href":"https:\/\/api.w.org\/{rel}","templated":true}]}}